{"id":489,"date":"2020-11-10T14:39:57","date_gmt":"2020-11-10T17:39:57","guid":{"rendered":"https:\/\/nutrenzi.com.br\/?page_id=489"},"modified":"2021-09-01T21:04:17","modified_gmt":"2021-09-02T00:04:17","slug":"produtos","status":"publish","type":"page","link":"https:\/\/nutrenzi.com.br\/en\/produtos\/","title":{"rendered":"PRODUCTS"},"content":{"rendered":"<div data-elementor-type=\"wp-page\" data-elementor-id=\"489\" class=\"elementor elementor-489\" data-elementor-post-type=\"page\">\n\t\t\t\t\t\t<section class=\"elementor-section elementor-top-section elementor-element elementor-element-294cd9b elementor-section-height-min-height elementor-section-stretched elementor-section-boxed elementor-section-height-default elementor-section-items-middle\" data-id=\"294cd9b\" data-element_type=\"section\" data-settings=\"{&quot;background_background&quot;:&quot;classic&quot;,&quot;stretch_section&quot;:&quot;section-stretched&quot;}\">\n\t\t\t\t\t\t\t<div class=\"elementor-background-overlay\"><\/div>\n\t\t\t\t\t\t\t<div class=\"elementor-container elementor-column-gap-no\">\n\t\t\t\t\t<div class=\"elementor-column elementor-col-100 elementor-top-column elementor-element elementor-element-de3757a\" data-id=\"de3757a\" data-element_type=\"column\" data-settings=\"{&quot;background_background&quot;:&quot;classic&quot;}\">\n\t\t\t<div class=\"elementor-widget-wrap elementor-element-populated\">\n\t\t\t\t\t\t<div class=\"elementor-element elementor-element-98207fe elementor-widget elementor-widget-heading\" data-id=\"98207fe\" data-element_type=\"widget\" data-widget_type=\"heading.default\">\n\t\t\t\t<div class=\"elementor-widget-container\">\n\t\t\t<h2 class=\"elementor-heading-title elementor-size-default\">DIVISIONS OF PRODUCTS AND SERVICES<\/h2>\t\t<\/div>\n\t\t\t\t<\/div>\n\t\t\t\t\t<\/div>\n\t\t<\/div>\n\t\t\t\t\t<\/div>\n\t\t<\/section>\n\t\t\t\t<section class=\"elementor-section elementor-top-section elementor-element elementor-element-2644791 elementor-section-content-middle elementor-section-height-min-height elementor-section-boxed elementor-section-height-default elementor-section-items-middle\" data-id=\"2644791\" data-element_type=\"section\">\n\t\t\t\t\t\t<div class=\"elementor-container elementor-column-gap-no\">\n\t\t\t\t\t<div class=\"elementor-column elementor-col-50 elementor-top-column elementor-element elementor-element-64d828d\" data-id=\"64d828d\" data-element_type=\"column\">\n\t\t\t<div class=\"elementor-widget-wrap elementor-element-populated\">\n\t\t\t\t\t\t<section class=\"elementor-section elementor-inner-section elementor-element elementor-element-86b1fb8 elementor-section-content-middle elementor-section-height-min-height elementor-section-boxed elementor-section-height-default\" data-id=\"86b1fb8\" data-element_type=\"section\" data-settings=\"{&quot;background_background&quot;:&quot;classic&quot;}\">\n\t\t\t\t\t\t<div class=\"elementor-container elementor-column-gap-no\">\n\t\t\t\t\t<div class=\"elementor-column elementor-col-100 elementor-inner-column elementor-element elementor-element-f1a5702\" data-id=\"f1a5702\" data-element_type=\"column\">\n\t\t\t<div class=\"elementor-widget-wrap elementor-element-populated\">\n\t\t\t\t\t\t<div class=\"elementor-element elementor-element-fdb4011 elementor-view-framed elementor-shape-circle elementor-position-top elementor-mobile-position-top elementor-widget elementor-widget-icon-box\" data-id=\"fdb4011\" data-element_type=\"widget\" data-widget_type=\"icon-box.default\">\n\t\t\t\t<div class=\"elementor-widget-container\">\n\t\t\t\t\t<div class=\"elementor-icon-box-wrapper\">\n\n\t\t\t\t\t\t<div class=\"elementor-icon-box-icon\">\n\t\t\t\t<a href=\"https:\/\/nutrenzi.com.br\/en\/tratamento-de-aguas-e-efluentes\/\" class=\"elementor-icon elementor-animation-\" tabindex=\"-1\">\n\t\t\t\t<svg xmlns=\"http:\/\/www.w3.org\/2000\/svg\" height=\"60pt\" viewbox=\"-80 0 511 512\" width=\"60pt\"><path d=\"m158.507812 512c-87.125 0-158.007812-70.878906-158.007812-158.003906 0-55.902344 24.609375-131.515625 73.140625-224.742188 35.714844-68.605468 70.863281-120.453125 72.339844-122.625 2.820312-4.148437 7.511719-6.628906 12.527343-6.628906 5.011719 0 9.703126 2.480469 12.523438 6.628906 1.476562 2.171875 36.625 54.019532 72.339844 122.625 48.53125 93.226563 73.140625 168.839844 73.140625 224.742188 0 87.125-70.882813 158.003906-158.003907 158.003906zm0 0\" fill=\"#29503B\"><\/path><path d=\"m316.511719 353.996094c0-55.902344-24.609375-131.515625-73.140625-224.742188-35.714844-68.605468-70.863282-120.453125-72.339844-122.625-2.820312-4.148437-7.511719-6.628906-12.523438-6.628906v512c87.121094 0 158.003907-70.878906 158.003907-158.003906zm0 0\" fill=\"#89C541\"><\/path><path d=\"m254.082031 286.457031c-7.671875-3.339843-16.597656.179688-19.933593 7.851563l-2.597657 5.980468c-5.605469-9.285156-12.949219-17.53125-21.628906-24.105468-14.925781-11.304688-32.730469-17.28125-51.5-17.28125-30.835937 0-59.382813 16.726562-74.492187 43.652344-4.09375 7.296874-1.496094 16.527343 5.796874 20.621093 7.296876 4.097657 16.53125 1.5 20.625-5.796875 9.753907-17.378906 28.171876-28.179687 48.070313-28.179687 18.351563 0 35.269531 9.316406 45.382813 23.921875l-8.277344-3.597656c-7.679688-3.335938-16.597656.179687-19.933594 7.851562s.179688 16.597656 7.851562 19.933594l40.8125 17.742187c1.964844.855469 4.015626 1.261719 6.03125 1.261719 5.847657 0 11.421876-3.410156 13.902344-9.113281l17.742188-40.8125c3.335937-7.671875-.179688-16.597657-7.851563-19.929688zm0 0\" fill=\"white\"><\/path><path d=\"m254.082031 286.457031c-7.671875-3.339843-16.597656.179688-19.933593 7.851563l-2.597657 5.980468c-5.605469-9.285156-12.949219-17.53125-21.628906-24.105468-14.902344-11.289063-32.679687-17.261719-51.414063-17.277344v30.296875c18.316407.027344 35.195313 9.332031 45.292969 23.917969l-8.277343-3.597656c-7.675782-3.339844-16.597657.179687-19.929688 7.851562-3.335938 7.671875.179688 16.59375 7.851562 19.929688l40.8125 17.742187c1.964844.855469 4.015626 1.261719 6.03125 1.261719 5.847657 0 11.417969-3.40625 13.898438-9.113282l17.746094-40.808593c3.335937-7.671875-.179688-16.597657-7.851563-19.929688zm0 0\" fill=\"white\"><\/path><path d=\"m227.285156 376.027344c-7.300781-4.097656-16.53125-1.5-20.625 5.796875-9.753906 17.382812-28.175781 28.179687-48.070312 28.179687-18.351563 0-35.265625-9.316406-45.382813-23.921875l8.28125 3.597657c7.671875 3.335937 16.59375-.179688 19.929688-7.851563 3.335937-7.671875-.179688-16.59375-7.851563-19.929687l-40.8125-17.746094c-7.671875-3.335938-16.597656.183594-19.929687 7.851562l-17.746094 40.8125c-3.335937 7.671875.179687 16.597656 7.855469 19.933594 1.964844.855469 4.015625 1.257812 6.03125 1.257812 5.847656 0 11.417968-3.40625 13.898437-9.109374l2.601563-5.980469c5.601562 9.28125 12.949218 17.527343 21.625 24.101562 14.925781 11.304688 32.734375 17.28125 51.5 17.28125 30.839844 0 59.382812-16.726562 74.492187-43.652343 4.09375-7.292969 1.496094-16.527344-5.796875-20.621094zm0 0\" fill=\"white\"><\/path><path d=\"m227.285156 376.027344c-7.300781-4.097656-16.53125-1.5-20.625 5.796875-9.753906 17.382812-28.175781 28.179687-48.070312 28.179687-.027344 0-.054688-.003906-.082032-.003906v30.296875c.027344 0 .054688.003906.082032.003906 30.839844 0 59.382812-16.726562 74.492187-43.652343 4.09375-7.292969 1.496094-16.527344-5.796875-20.621094zm0 0\" fill=\"white\"><\/path><\/svg>\t\t\t\t<\/a>\n\t\t\t<\/div>\n\t\t\t\n\t\t\t\t\t\t<div class=\"elementor-icon-box-content\">\n\n\t\t\t\t\t\t\t\t\t<h3 class=\"elementor-icon-box-title\">\n\t\t\t\t\t\t<a href=\"https:\/\/nutrenzi.com.br\/en\/tratamento-de-aguas-e-efluentes\/\" >\n\t\t\t\t\t\t\tWater and effluent treatment\t\t\t\t\t\t<\/a>\n\t\t\t\t\t<\/h3>\n\t\t\t\t\n\t\t\t\t\t\t\t\t\t<p class=\"elementor-icon-box-description\">\n\t\t\t\t\t\tIndustrial, domestic sewage, slurry - reuse.\t\t\t\t\t<\/p>\n\t\t\t\t\n\t\t\t<\/div>\n\t\t\t\n\t\t<\/div>\n\t\t\t\t<\/div>\n\t\t\t\t<\/div>\n\t\t\t\t\t<\/div>\n\t\t<\/div>\n\t\t\t\t\t<\/div>\n\t\t<\/section>\n\t\t\t\t\t<\/div>\n\t\t<\/div>\n\t\t\t\t<div class=\"elementor-column elementor-col-50 elementor-top-column elementor-element elementor-element-8dfed50\" data-id=\"8dfed50\" data-element_type=\"column\">\n\t\t\t<div class=\"elementor-widget-wrap elementor-element-populated\">\n\t\t\t\t\t\t<section class=\"elementor-section elementor-inner-section elementor-element elementor-element-bffe619 elementor-section-content-middle elementor-section-height-min-height elementor-section-boxed elementor-section-height-default\" data-id=\"bffe619\" data-element_type=\"section\" data-settings=\"{&quot;background_background&quot;:&quot;classic&quot;}\">\n\t\t\t\t\t\t<div class=\"elementor-container elementor-column-gap-no\">\n\t\t\t\t\t<div class=\"elementor-column elementor-col-100 elementor-inner-column elementor-element elementor-element-550da2c\" data-id=\"550da2c\" data-element_type=\"column\">\n\t\t\t<div class=\"elementor-widget-wrap elementor-element-populated\">\n\t\t\t\t\t\t<div class=\"elementor-element elementor-element-1cf40fe elementor-view-framed elementor-shape-circle elementor-position-top elementor-mobile-position-top elementor-widget elementor-widget-icon-box\" data-id=\"1cf40fe\" data-element_type=\"widget\" data-widget_type=\"icon-box.default\">\n\t\t\t\t<div class=\"elementor-widget-container\">\n\t\t\t\t\t<div class=\"elementor-icon-box-wrapper\">\n\n\t\t\t\t\t\t<div class=\"elementor-icon-box-icon\">\n\t\t\t\t<a href=\"https:\/\/nutrenzi.com.br\/en\/neutralizacao-de-odores\/\" class=\"elementor-icon elementor-animation-\" tabindex=\"-1\">\n\t\t\t\t<svg height=\"60pt\" viewbox=\"0 0 600 600\" width=\"60pt\" style=\"enable-background:new 0 0 600 600;\" xml:space=\"preserve\"><g>\t<g>\t\t<path d=\"M424.526,487.321c0-1.143-0.02-2.281-0.052-3.416c-1.809-64.601-54.742-116.415-119.78-116.415    s-117.971,51.814-119.78,116.415c-0.032,1.135-0.052,2.274-0.052,3.417c0,66.181,53.651,119.832,119.832,119.832    C370.876,607.153,424.526,553.502,424.526,487.321z M374.148,462.748c13.572,0,24.573,11.002,24.573,24.573    c0,4.688-1.314,9.069-3.593,12.797c-4.317,7.063-12.098,11.777-20.981,11.777c-2.53,0-4.971-0.383-7.268-1.094    c-10.023-3.099-17.305-12.438-17.305-23.48C349.575,473.75,360.576,462.748,374.148,462.748z M304.695,393.294    c13.571,0,24.573,11.002,24.573,24.573c0,13.571-11.002,24.573-24.573,24.573c-13.572,0-24.573-11.002-24.573-24.573    C280.122,404.296,291.123,393.294,304.695,393.294z M242.509,510.8c-2.297,0.71-4.737,1.094-7.268,1.094    c-8.883,0-16.664-4.714-20.981-11.777c-2.278-3.727-3.593-8.108-3.593-12.797c0-13.571,11.002-24.573,24.573-24.573    c13.572,0,24.573,11.002,24.573,24.573C259.814,498.362,252.532,507.701,242.509,510.8z M280.122,556.774    c0-13.572,11.001-24.573,24.573-24.573c13.571,0,24.573,11.002,24.573,24.573c0,13.572-11.002,24.573-24.573,24.573    C291.123,581.348,280.122,570.346,280.122,556.774z\" fill=\"#89C541\"><\/path>\t\t<path d=\"M593.111,199.219H538.49C533.824,87.524,503.377,4.848,304.695,4.848c-198.683,0-229.13,82.677-233.796,194.371h-52.01    C8.457,199.219,0,207.675,0,218.108v46.147c0,10.432,8.457,18.889,18.889,18.889h51.918c5.304,73.029,38.36,137.471,87.59,180.62    c1.869-11.702,5.132-23.117,9.788-34.125c7.464-17.647,18.143-33.489,31.742-47.087c13.598-13.598,29.441-24.277,47.087-31.742    c18.285-7.734,37.692-11.655,57.681-11.655s39.397,3.921,57.681,11.655c17.647,7.464,33.489,18.143,47.087,31.742    c13.598,13.598,24.277,29.441,31.742,47.087c4.655,11.007,7.919,22.422,9.788,34.125c49.23-43.148,82.286-107.591,87.59-180.62    h54.528c10.432,0,18.889-8.457,18.889-18.889v-46.147C612,207.676,603.543,199.219,593.111,199.219z M245.026,287.874    c-26.434,26.434-69.291,26.434-95.725,0c-26.434-26.434-21.397-64.254,5.037-90.688s64.254-31.471,90.688-5.037    S271.46,261.441,245.026,287.874z M460.088,287.874c-26.434,26.434-69.291,26.434-95.725,0c-26.434-26.434-26.434-69.291,0-95.725    c26.434-26.434,64.254-21.397,90.688,5.037S486.522,261.441,460.088,287.874z\" fill=\"#29503B\"><\/path>\t<\/g><\/g><g><\/g><g><\/g><g><\/g><g><\/g><g><\/g><g><\/g><g><\/g><g><\/g><g><\/g><g><\/g><g><\/g><g><\/g><g><\/g><g><\/g><g><\/g><\/svg>\t\t\t\t<\/a>\n\t\t\t<\/div>\n\t\t\t\n\t\t\t\t\t\t<div class=\"elementor-icon-box-content\">\n\n\t\t\t\t\t\t\t\t\t<h3 class=\"elementor-icon-box-title\">\n\t\t\t\t\t\t<a href=\"https:\/\/nutrenzi.com.br\/en\/neutralizacao-de-odores\/\" >\n\t\t\t\t\t\t\tODOR NEUTRALIZATION\t\t\t\t\t\t<\/a>\n\t\t\t\t\t<\/h3>\n\t\t\t\t\n\t\t\t\t\t\t\t\t\t<p class=\"elementor-icon-box-description\">\n\t\t\t\t\t\tIndustrial, commercial, services and residential.\t\t\t\t\t<\/p>\n\t\t\t\t\n\t\t\t<\/div>\n\t\t\t\n\t\t<\/div>\n\t\t\t\t<\/div>\n\t\t\t\t<\/div>\n\t\t\t\t\t<\/div>\n\t\t<\/div>\n\t\t\t\t\t<\/div>\n\t\t<\/section>\n\t\t\t\t\t<\/div>\n\t\t<\/div>\n\t\t\t\t\t<\/div>\n\t\t<\/section>\n\t\t\t\t<section class=\"elementor-section elementor-top-section elementor-element elementor-element-3a609d2 elementor-section-content-middle elementor-section-height-min-height elementor-section-boxed elementor-section-height-default elementor-section-items-middle\" data-id=\"3a609d2\" data-element_type=\"section\">\n\t\t\t\t\t\t<div class=\"elementor-container elementor-column-gap-no\">\n\t\t\t\t\t<div class=\"elementor-column elementor-col-50 elementor-top-column elementor-element elementor-element-302fc8f\" data-id=\"302fc8f\" data-element_type=\"column\">\n\t\t\t<div class=\"elementor-widget-wrap elementor-element-populated\">\n\t\t\t\t\t\t<section class=\"elementor-section elementor-inner-section elementor-element elementor-element-a904cf0 elementor-section-content-middle elementor-section-height-min-height elementor-section-boxed elementor-section-height-default\" data-id=\"a904cf0\" data-element_type=\"section\" data-settings=\"{&quot;background_background&quot;:&quot;classic&quot;}\">\n\t\t\t\t\t\t<div class=\"elementor-container elementor-column-gap-no\">\n\t\t\t\t\t<div class=\"elementor-column elementor-col-100 elementor-inner-column elementor-element elementor-element-9b711c0\" data-id=\"9b711c0\" data-element_type=\"column\">\n\t\t\t<div class=\"elementor-widget-wrap elementor-element-populated\">\n\t\t\t\t\t\t<div class=\"elementor-element elementor-element-0682e46 elementor-view-framed elementor-shape-circle elementor-position-top elementor-mobile-position-top elementor-widget elementor-widget-icon-box\" data-id=\"0682e46\" data-element_type=\"widget\" data-widget_type=\"icon-box.default\">\n\t\t\t\t<div class=\"elementor-widget-container\">\n\t\t\t\t\t<div class=\"elementor-icon-box-wrapper\">\n\n\t\t\t\t\t\t<div class=\"elementor-icon-box-icon\">\n\t\t\t\t<a href=\"https:\/\/nutrenzi.com.br\/en\/industria-de-papel-e-celulose\/\" class=\"elementor-icon elementor-animation-\" tabindex=\"-1\">\n\t\t\t\t<svg xmlns=\"http:\/\/www.w3.org\/2000\/svg\" xmlns:xlink=\"http:\/\/www.w3.org\/1999\/xlink\" id=\"Capa_1\" x=\"0px\" y=\"0px\" width=\"70px\" height=\"70px\" viewbox=\"0 0 335.288 335.288\" style=\"enable-background:new 0 0 335.288 335.288;\" xml:space=\"preserve\"><g>\t<g>\t\t<path d=\"M131.578,322.058c4.521,5.194,12.881,6.388,18.694,2.679l142.179-91.014c5.809-3.715,6.004-10.029,0.463-14.109    l-11.436-8.391l-73.411,49.913l-3.014-0.085c-63.842-1.809-90.54-33.893-93.996-38.417L39.79,141.889L5.639,159.079    c-6.15,3.093-7.478,9.818-2.95,15.013L131.578,322.058z\" fill=\"#29503B\"><\/path>\t\t<path d=\"M113.073,209.232c2.773,3.696,28.458,35.487,91.651,37.278l2.016,0.055l121.93-82.889    c4.67-3.173,7.062-7.551,6.551-12.018c-0.511-4.481-3.859-8.235-9.188-10.293c-64.411-24.877-99.217-72.153-122.246-103.43    c-7.216-9.804-12.915-17.546-18.237-22.877c-6.612-6.628-18.529-8.793-27.121-4.29L28.345,83.266    c-4.613,2.415-7.761,6.503-8.634,11.216c-0.874,4.716,0.605,9.654,4.046,13.563L113.073,209.232z M34.27,94.232l130.08-72.491    c1.193-0.63,2.682-0.953,4.296-0.953c3.081,0,6.168,1.179,8.068,3.075c4.651,4.677,10.388,12.458,17.019,21.461    c22.438,30.476,59.997,81.482,127.8,107.677c0.14,0.055,0.273,0.113,0.39,0.162c-0.085,0.064-0.171,0.131-0.28,0.198    l-118.562,80.611c-57.579-2.29-79.88-32.005-80.081-32.291L33.11,99.789c-0.91-1.029-1.315-2.107-1.142-3.042    C32.145,95.818,32.912,94.951,34.27,94.232z\" fill=\"#89C541\"><\/path>\t\t<path d=\"M133.38,198.357c11.983,9.134,35.366,22.663,69.279,23.303c0.487,0.03-17.579-2.49-23.047-14.741    c-2.802-6.297-8.041-10.577-14.876-9.67c-8.242,1.108-19.434,1.541-29.566-1.632C128.591,193.559,127.9,194.18,133.38,198.357z\" fill=\"#89C541\"><\/path>\t<\/g><\/g><g><\/g><g><\/g><g><\/g><g><\/g><g><\/g><g><\/g><g><\/g><g><\/g><g><\/g><g><\/g><g><\/g><g><\/g><g><\/g><g><\/g><g><\/g><\/svg>\t\t\t\t<\/a>\n\t\t\t<\/div>\n\t\t\t\n\t\t\t\t\t\t<div class=\"elementor-icon-box-content\">\n\n\t\t\t\t\t\t\t\t\t<h3 class=\"elementor-icon-box-title\">\n\t\t\t\t\t\t<a href=\"https:\/\/nutrenzi.com.br\/en\/industria-de-papel-e-celulose\/\" >\n\t\t\t\t\t\t\tPaper and pulp industry\t\t\t\t\t\t<\/a>\n\t\t\t\t\t<\/h3>\n\t\t\t\t\n\t\t\t\t\t\t\t\t\t<p class=\"elementor-icon-box-description\">\n\t\t\t\t\t\tTratamento de efluentes e solu\u00e7\u00f5es para o processo produtivo\t\t\t\t\t<\/p>\n\t\t\t\t\n\t\t\t<\/div>\n\t\t\t\n\t\t<\/div>\n\t\t\t\t<\/div>\n\t\t\t\t<\/div>\n\t\t\t\t\t<\/div>\n\t\t<\/div>\n\t\t\t\t\t<\/div>\n\t\t<\/section>\n\t\t\t\t\t<\/div>\n\t\t<\/div>\n\t\t\t\t<div class=\"elementor-column elementor-col-50 elementor-top-column elementor-element elementor-element-cf965ab\" data-id=\"cf965ab\" data-element_type=\"column\">\n\t\t\t<div class=\"elementor-widget-wrap elementor-element-populated\">\n\t\t\t\t\t\t<section class=\"elementor-section elementor-inner-section elementor-element elementor-element-5604450 elementor-section-content-middle elementor-section-height-min-height elementor-section-boxed elementor-section-height-default\" data-id=\"5604450\" data-element_type=\"section\" data-settings=\"{&quot;background_background&quot;:&quot;classic&quot;}\">\n\t\t\t\t\t\t<div class=\"elementor-container elementor-column-gap-no\">\n\t\t\t\t\t<div class=\"elementor-column elementor-col-100 elementor-inner-column elementor-element elementor-element-a253707\" data-id=\"a253707\" data-element_type=\"column\">\n\t\t\t<div class=\"elementor-widget-wrap elementor-element-populated\">\n\t\t\t\t\t\t<div class=\"elementor-element elementor-element-260fe3a elementor-view-framed elementor-shape-circle elementor-position-top elementor-mobile-position-top elementor-widget elementor-widget-icon-box\" data-id=\"260fe3a\" data-element_type=\"widget\" data-widget_type=\"icon-box.default\">\n\t\t\t\t<div class=\"elementor-widget-container\">\n\t\t\t\t\t<div class=\"elementor-icon-box-wrapper\">\n\n\t\t\t\t\t\t<div class=\"elementor-icon-box-icon\">\n\t\t\t\t<a href=\"https:\/\/nutrenzi.com.br\/en\/limpeza\/\" class=\"elementor-icon elementor-animation-\" tabindex=\"-1\">\n\t\t\t\t<svg xmlns=\"http:\/\/www.w3.org\/2000\/svg\" id=\"Layer_1_1_\" height=\"100px\" viewbox=\"0 0 70 70\" width=\"100px\"><path d=\"m4.5 62h5.5c.771 0 1.468-.301 2-.78.532.48 1.229.78 2 .78s1.468-.301 2-.78c.532.48 1.229.78 2 .78s1.468-.301 2-.78c.532.48 1.229.78 2 .78h5.5c1.379 0 2.5-1.122 2.5-2.5s-1.121-2.5-2.5-2.5h-1.5c-.552 0-1-.449-1-1v-11c0-2.414-1.721-4.434-4-4.899v-1.101c0-1.627-.793-3.061-2-3.974v-32.026c0-.552-.447-1-1-1h-4c-.553 0-1 .448-1 1v32.026c-1.207.914-2 2.348-2 3.974v1.101c-2.279.465-4 2.485-4 4.899v11c0 .551-.448 1-1 1h-1.5c-1.379 0-2.5 1.122-2.5 2.5s1.121 2.5 2.5 2.5zm9.5-2c-.552 0-1-.449-1-1v-2-13-1c0-.551.448-1 1-1h1v2 13 2c0 .551-.448 1-1 1zm4 0c-.552 0-1-.449-1-1v-2-13-2h1c.552 0 1 .449 1 1v16c0 .551-.448 1-1 1zm5-15v11c0 1.654 1.346 3 3 3h1.5c.275 0 .5.224.5.5s-.225.5-.5.5h-5.5c-.552 0-1-.449-1-1v-16-.829c1.164.413 2 1.525 2 2.829zm-8-41h2v30.101c-.323-.066-.658-.101-1-.101s-.677.035-1 .101zm-2 35c0-1.654 1.346-3 3-3s3 1.346 3 3v1h-1-2-2-1zm-8.5 20h1.5c1.654 0 3-1.346 3-3v-11c0-1.304.836-2.416 2-2.829v.829 1 13 2c0 .551-.448 1-1 1h-5.5c-.275 0-.5-.224-.5-.5s.225-.5.5-.5z\" fill=\"#29503B\"><\/path><path d=\"m45 25h2v2h-2z\"><\/path><path d=\"m47 23h2v2h-2z\"><\/path><path d=\"m49 25h2v2h-2z\"><\/path><path d=\"m47 27h2v2h-2z\" fill=\"#29503B\"><\/path><path d=\"m55 20h2v2h-2z\" fill=\"#29503B\"><\/path><path d=\"m57 18h2v2h-2z\" fill=\"#29503B\"><\/path><path d=\"m59 20h2v2h-2z\"><\/path><path d=\"m57 22h2v2h-2z\" fill=\"#29503B\"><\/path><path d=\"m37.391 36.207c-.455-.138-.921-.207-1.391-.207-2.419 0-4.441 1.728-4.9 4.014-1.591.072-2.865 1.378-2.865 2.986 0 1.654 1.346 3 3 3h.117l.359 2.874-1.798 1.797c-.589.591-.913 1.374-.913 2.208 0 1.286.738 2.391 1.927 2.883.398.165.81.246 1.214.246.154 0 .305-.022.456-.045l.426 3.409c.187 1.498 1.467 2.628 2.977 2.628h16.234c1.51 0 2.79-1.13 2.977-2.628l1.672-13.372h.117c1.654 0 3-1.346 3-3s-1.346-3-3-3h-.142c-.443-1.703-1.968-2.974-3.8-3-1.513-3.061-4.599-5-8.058-5-3.131 0-5.97 1.59-7.609 4.207zm-7.157 6.793c0-.551.448-1 1-1h7.351l-2 2h-5.351c-.551 0-1-.449-1-1zm3.133 3h1.218l-1.083 1.083zm-1.675 7.915c-.162-.068-.692-.341-.692-1.036 0-.3.117-.582.328-.793l10.086-10.086h3.172l-11.672 11.671c-.49.492-1.06.31-1.222.244zm21.535 5.209c-.063.5-.49.876-.993.876h-16.234c-.503 0-.93-.376-.992-.876l-.524-4.194 8.93-8.93h11.453zm4.773-16.124c0 .551-.448 1-1 1h-11.586l2-2h9.586c.552 0 1 .449 1 1zm-6.496-4.575c.178.447.646.707 1.118.614.122-.023.248-.039.378-.039.737 0 1.375.405 1.722 1h-21.538c.414-1.161 1.514-2 2.816-2 .462 0 .923.118 1.37.351.239.124.517.146.772.063.256-.083.467-.267.586-.507 1.192-2.41 3.595-3.907 6.272-3.907 2.886 0 5.438 1.737 6.504 4.425z\" fill=\"#29503B\"><\/path><\/svg>\t\t\t\t<\/a>\n\t\t\t<\/div>\n\t\t\t\n\t\t\t\t\t\t<div class=\"elementor-icon-box-content\">\n\n\t\t\t\t\t\t\t\t\t<h3 class=\"elementor-icon-box-title\">\n\t\t\t\t\t\t<a href=\"https:\/\/nutrenzi.com.br\/en\/limpeza\/\" >\n\t\t\t\t\t\t\tLIMPEZA\t\t\t\t\t\t<\/a>\n\t\t\t\t\t<\/h3>\n\t\t\t\t\n\t\t\t\t\t\t\t\t\t<p class=\"elementor-icon-box-description\">\n\t\t\t\t\t\tSolu\u00e7\u00f5es para as \u00e1reas industrial, comercial e hospitalar\t\t\t\t\t<\/p>\n\t\t\t\t\n\t\t\t<\/div>\n\t\t\t\n\t\t<\/div>\n\t\t\t\t<\/div>\n\t\t\t\t<\/div>\n\t\t\t\t\t<\/div>\n\t\t<\/div>\n\t\t\t\t\t<\/div>\n\t\t<\/section>\n\t\t\t\t\t<\/div>\n\t\t<\/div>\n\t\t\t\t\t<\/div>\n\t\t<\/section>\n\t\t\t\t<section class=\"elementor-section elementor-top-section elementor-element elementor-element-e758dc4 elementor-section-content-middle elementor-section-boxed elementor-section-height-default elementor-section-height-default\" data-id=\"e758dc4\" data-element_type=\"section\" data-settings=\"{&quot;background_background&quot;:&quot;classic&quot;}\">\n\t\t\t\t\t\t<div class=\"elementor-container elementor-column-gap-default\">\n\t\t\t\t\t<div class=\"elementor-column elementor-col-50 elementor-top-column elementor-element elementor-element-2de9919\" data-id=\"2de9919\" data-element_type=\"column\">\n\t\t\t<div class=\"elementor-widget-wrap elementor-element-populated\">\n\t\t\t\t\t\t<div class=\"elementor-element elementor-element-b499958 elementor-widget elementor-widget-image\" data-id=\"b499958\" data-element_type=\"widget\" data-widget_type=\"image.default\">\n\t\t\t\t<div class=\"elementor-widget-container\">\n\t\t\t\t\t\t\t\t\t\t\t\t\t<img fetchpriority=\"high\" decoding=\"async\" width=\"849\" height=\"1024\" src=\"https:\/\/nutrenzi.com.br\/wp-content\/uploads\/2021\/09\/pagina-principal-849x1024.png\" class=\"attachment-large size-large wp-image-1550\" alt=\"\" srcset=\"https:\/\/nutrenzi.com.br\/wp-content\/uploads\/2021\/09\/pagina-principal-849x1024.png 849w, https:\/\/nutrenzi.com.br\/wp-content\/uploads\/2021\/09\/pagina-principal-768x927.png 768w, https:\/\/nutrenzi.com.br\/wp-content\/uploads\/2021\/09\/pagina-principal-640x772.png 640w, https:\/\/nutrenzi.com.br\/wp-content\/uploads\/2021\/09\/pagina-principal-400x483.png 400w\" sizes=\"(max-width: 849px) 100vw, 849px\" \/>\t\t\t\t\t\t\t\t\t\t\t\t\t<\/div>\n\t\t\t\t<\/div>\n\t\t\t\t\t<\/div>\n\t\t<\/div>\n\t\t\t\t<div class=\"elementor-column elementor-col-50 elementor-top-column elementor-element elementor-element-b562dd2\" data-id=\"b562dd2\" data-element_type=\"column\">\n\t\t\t<div class=\"elementor-widget-wrap elementor-element-populated\">\n\t\t\t\t\t\t<div class=\"elementor-element elementor-element-0c78d60 elementor-widget elementor-widget-heading\" data-id=\"0c78d60\" data-element_type=\"widget\" data-widget_type=\"heading.default\">\n\t\t\t\t<div class=\"elementor-widget-container\">\n\t\t\t<h2 class=\"elementor-heading-title elementor-size-default\">Receive our complete catalog<\/h2>\t\t<\/div>\n\t\t\t\t<\/div>\n\t\t\t\t\t<\/div>\n\t\t<\/div>\n\t\t\t\t\t<\/div>\n\t\t<\/section>\n\t\t\t\t<\/div>","protected":false},"excerpt":{"rendered":"<p>DIVIS\u00d5ES DE PRODUTOS E SERVI\u00c7OS TRATAMENTO DE \u00c1GUAS E EFLUENTES Industrial, esgoto dom\u00e9stico, chorume-reuso. NEUTRALIZA\u00c7\u00c3O DE ODORES\u200b Industrial, comercial, servi\u00e7os e residencial. IND\u00daSTRIA DE PAPEL E CELULOSE Tratamento de efluentes e solu\u00e7\u00f5es para o processo produtivo LIMPEZA Solu\u00e7\u00f5es para as \u00e1reas industrial, comercial e hospitalar Receba nosso cat\u00e1logo completo<\/p>","protected":false},"author":1,"featured_media":0,"parent":0,"menu_order":0,"comment_status":"closed","ping_status":"closed","template":"","meta":{"footnotes":""},"class_list":["post-489","page","type-page","status-publish","hentry"],"_links":{"self":[{"href":"https:\/\/nutrenzi.com.br\/en\/wp-json\/wp\/v2\/pages\/489"}],"collection":[{"href":"https:\/\/nutrenzi.com.br\/en\/wp-json\/wp\/v2\/pages"}],"about":[{"href":"https:\/\/nutrenzi.com.br\/en\/wp-json\/wp\/v2\/types\/page"}],"author":[{"embeddable":true,"href":"https:\/\/nutrenzi.com.br\/en\/wp-json\/wp\/v2\/users\/1"}],"replies":[{"embeddable":true,"href":"https:\/\/nutrenzi.com.br\/en\/wp-json\/wp\/v2\/comments?post=489"}],"version-history":[{"count":10,"href":"https:\/\/nutrenzi.com.br\/en\/wp-json\/wp\/v2\/pages\/489\/revisions"}],"predecessor-version":[{"id":1612,"href":"https:\/\/nutrenzi.com.br\/en\/wp-json\/wp\/v2\/pages\/489\/revisions\/1612"}],"wp:attachment":[{"href":"https:\/\/nutrenzi.com.br\/en\/wp-json\/wp\/v2\/media?parent=489"}],"curies":[{"name":"wp","href":"https:\/\/api.w.org\/{rel}","templated":true}]}}