{"id":764,"date":"2020-11-13T15:31:35","date_gmt":"2020-11-13T18:31:35","guid":{"rendered":"https:\/\/nutrenzi.com.br\/?page_id=764"},"modified":"2024-09-02T16:47:59","modified_gmt":"2024-09-02T19:47:59","slug":"limpeza","status":"publish","type":"page","link":"https:\/\/nutrenzi.com.br\/en\/limpeza\/","title":{"rendered":"LIMPEZA"},"content":{"rendered":"<div data-elementor-type=\"wp-page\" data-elementor-id=\"764\" class=\"elementor elementor-764\" data-elementor-post-type=\"page\">\n\t\t\t\t\t\t<section class=\"elementor-section elementor-top-section elementor-element elementor-element-17e3b2d elementor-section-height-min-height elementor-section-stretched elementor-section-boxed elementor-section-height-default elementor-section-items-middle\" data-id=\"17e3b2d\" data-element_type=\"section\" data-settings=\"{&quot;background_background&quot;:&quot;classic&quot;,&quot;stretch_section&quot;:&quot;section-stretched&quot;}\">\n\t\t\t\t\t\t\t<div class=\"elementor-background-overlay\"><\/div>\n\t\t\t\t\t\t\t<div class=\"elementor-container elementor-column-gap-no\">\n\t\t\t\t\t<div class=\"elementor-column elementor-col-100 elementor-top-column elementor-element elementor-element-b43f284\" data-id=\"b43f284\" data-element_type=\"column\" data-settings=\"{&quot;background_background&quot;:&quot;classic&quot;}\">\n\t\t\t<div class=\"elementor-widget-wrap elementor-element-populated\">\n\t\t\t\t\t\t<div class=\"elementor-element elementor-element-24405f0 elementor-widget elementor-widget-heading\" data-id=\"24405f0\" data-element_type=\"widget\" data-widget_type=\"heading.default\">\n\t\t\t\t<div class=\"elementor-widget-container\">\n\t\t\t<h2 class=\"elementor-heading-title elementor-size-default\">Limpeza<\/h2>\t\t<\/div>\n\t\t\t\t<\/div>\n\t\t\t\t\t<\/div>\n\t\t<\/div>\n\t\t\t\t\t<\/div>\n\t\t<\/section>\n\t\t\t\t<section class=\"elementor-section elementor-top-section elementor-element elementor-element-4048f32 elementor-section-height-min-height elementor-section-boxed elementor-section-height-default elementor-section-items-middle\" data-id=\"4048f32\" data-element_type=\"section\" data-settings=\"{&quot;background_background&quot;:&quot;classic&quot;}\">\n\t\t\t\t\t\t<div class=\"elementor-container elementor-column-gap-default\">\n\t\t\t\t\t<div class=\"elementor-column elementor-col-100 elementor-top-column elementor-element elementor-element-694eefc\" data-id=\"694eefc\" data-element_type=\"column\">\n\t\t\t<div class=\"elementor-widget-wrap elementor-element-populated\">\n\t\t\t\t\t\t<section class=\"elementor-section elementor-inner-section elementor-element elementor-element-1507876 elementor-section-boxed elementor-section-height-default elementor-section-height-default\" data-id=\"1507876\" data-element_type=\"section\">\n\t\t\t\t\t\t<div class=\"elementor-container elementor-column-gap-default\">\n\t\t\t\t\t<div class=\"elementor-column elementor-col-100 elementor-inner-column elementor-element elementor-element-82d903e\" data-id=\"82d903e\" data-element_type=\"column\">\n\t\t\t<div class=\"elementor-widget-wrap elementor-element-populated\">\n\t\t\t\t\t\t<div class=\"elementor-element elementor-element-30217aa elementor-position-left elementor-view-default elementor-mobile-position-top elementor-vertical-align-top elementor-widget elementor-widget-icon-box\" data-id=\"30217aa\" data-element_type=\"widget\" data-widget_type=\"icon-box.default\">\n\t\t\t\t<div class=\"elementor-widget-container\">\n\t\t\t\t\t<div class=\"elementor-icon-box-wrapper\">\n\n\t\t\t\t\t\t<div class=\"elementor-icon-box-icon\">\n\t\t\t\t<span  class=\"elementor-icon elementor-animation-\">\n\t\t\t\t<svg xmlns=\"http:\/\/www.w3.org\/2000\/svg\" width=\"512\" height=\"512\" viewbox=\"0 0 128 128\"><g><path d=\"M30.624,37.833a1.751,1.751,0,0,0,1.75-1.75V29.5a1.75,1.75,0,0,0-3.5,0v6.583A1.75,1.75,0,0,0,30.624,37.833Z\" fill=\"#294B12\"><\/path><path d=\"M60.365,80.737a1.749,1.749,0,0,0-1.7-1.317H14.57a1.748,1.748,0,0,0-1.7,1.317,24.274,24.274,0,0,0-.755,6.013,24.5,24.5,0,1,0,48.245-6.013ZM36.62,107.75a21.024,21.024,0,0,1-21-21,20.8,20.8,0,0,1,.355-3.83H57.266A20.991,20.991,0,0,1,36.62,107.75Z\" fill=\"#294B12\"><\/path><path d=\"M121.5,113.75h-6.562V109.5a1.75,1.75,0,0,0-1.75-1.75H111.94V31.942h7.186a1.75,1.75,0,0,0,1.75-1.75v-6a1.751,1.751,0,0,0-1.75-1.75H111.94V15.19a1.751,1.751,0,0,0-1.75-1.75h-6a1.751,1.751,0,0,0-1.75,1.75v7.252H94.88V14.224a4.74,4.74,0,0,0-.254-9.474h-21a4.74,4.74,0,0,0-.246,9.475v8.217H70.626a1.751,1.751,0,0,0-1.75,1.75v6a1.75,1.75,0,0,0,1.75,1.75H73.38V77.12a10.744,10.744,0,0,0,18.344,7.6,10.641,10.641,0,0,0,3.156-7.6V31.942h7.56V107.75h-1.252a1.751,1.751,0,0,0-1.75,1.75v4.25H50.783a30.485,30.485,0,0,0-.413-54.219V53.783c0-.012,0-.022,0-.034s0-.022,0-.034V47.033c0-.012,0-.022,0-.034s0-.022,0-.034V40.283c0-.012,0-.022,0-.034s0-.022,0-.034V33.533c0-.012,0-.022,0-.034s0-.022,0-.034V26.783c0-.012,0-.022,0-.034s0-.022,0-.034V21a4.74,4.74,0,0,0-.246-9.475h-27A4.741,4.741,0,0,0,22.87,21V59.531a30.485,30.485,0,0,0-.412,54.219H6.5a1.751,1.751,0,0,0-1.75,1.75v6a1.751,1.751,0,0,0,1.75,1.75h115a1.751,1.751,0,0,0,1.75-1.75v-6A1.751,1.751,0,0,0,121.5,113.75ZM105.94,16.94h2.5v5.5h-2.5ZM72.376,9.5a1.252,1.252,0,0,1,1.25-1.25h21a1.25,1.25,0,0,1,0,2.5h-21A1.252,1.252,0,0,1,72.376,9.5Zm4.5,4.75h14.5v8.192H76.88Zm-4.5,11.692h45v2.5h-45Zm19,9.25H87.126a1.75,1.75,0,0,0,0,3.5H91.38v3.25H87.126a1.75,1.75,0,0,0,0,3.5H91.38v3.25H87.126a1.75,1.75,0,0,0,0,3.5H91.38v3.25H87.126a1.75,1.75,0,0,0,0,3.5H91.38v3.25H87.126a1.75,1.75,0,0,0,0,3.5H91.38V77.12a7.264,7.264,0,0,1-7.25,7.25,7.258,7.258,0,0,1-7.25-7.25V31.942h14.5Zm14.56-3.25h2.5V107.75h-2.5Zm-3,79.308h8.5v2.5h-8.5ZM21.874,16.275a1.251,1.251,0,0,1,1.25-1.25h27a1.25,1.25,0,1,1,0,2.5h-27A1.25,1.25,0,0,1,21.874,16.275ZM9.62,86.75A27.073,27.073,0,0,1,25.351,62.22a1.75,1.75,0,0,0,1.019-1.59V21.025h20.5V25H42.624a1.75,1.75,0,0,0,0,3.5H46.87v3.25H42.624a1.75,1.75,0,1,0,0,3.5H46.87V38.5H42.624a1.75,1.75,0,0,0,0,3.5H46.87v3.25H42.624a1.75,1.75,0,0,0,0,3.5H46.87V52H42.624a1.75,1.75,0,0,0,0,3.5H46.87V60.63a1.75,1.75,0,0,0,1.02,1.59A27,27,0,1,1,9.62,86.75Zm110.13,33H8.25v-2.5h111.5Z\" fill=\"#294B12\"><\/path><path d=\"M32.137,89.792a4.75,4.75,0,1,0,4.75,4.75A4.755,4.755,0,0,0,32.137,89.792Zm0,6a1.25,1.25,0,1,1,1.25-1.25A1.251,1.251,0,0,1,32.137,95.792Z\" fill=\"#294B12\"><\/path><path d=\"M48.624,83.917a4.75,4.75,0,1,0,4.75,4.75A4.754,4.754,0,0,0,48.624,83.917Zm0,6a1.25,1.25,0,1,1,1.25-1.25A1.251,1.251,0,0,1,48.624,89.917Z\" fill=\"#294B12\"><\/path><path d=\"M30.387,67.388a4.75,4.75,0,1,0,4.75-4.75A4.756,4.756,0,0,0,30.387,67.388Zm4.75-1.25a1.25,1.25,0,1,1-1.25,1.25A1.251,1.251,0,0,1,35.137,66.138Z\" fill=\"#294B12\"><\/path><\/g><\/svg>\t\t\t\t<\/span>\n\t\t\t<\/div>\n\t\t\t\n\t\t\t\t\t\t<div class=\"elementor-icon-box-content\">\n\n\t\t\t\t\t\t\t\t\t<h3 class=\"elementor-icon-box-title\">\n\t\t\t\t\t\t<span  >\n\t\t\t\t\t\t\tLimpeza\t\t\t\t\t\t<\/span>\n\t\t\t\t\t<\/h3>\n\t\t\t\t\n\t\t\t\t\n\t\t\t<\/div>\n\t\t\t\n\t\t<\/div>\n\t\t\t\t<\/div>\n\t\t\t\t<\/div>\n\t\t\t\t\t<\/div>\n\t\t<\/div>\n\t\t\t\t\t<\/div>\n\t\t<\/section>\n\t\t\t\t<div class=\"elementor-element elementor-element-4c2ab0a elementor-testimonial--skin-default elementor-testimonial--layout-image_inline elementor-testimonial--align-center elementor-arrows-yes elementor-pagination-type-bullets elementor-widget elementor-widget-testimonial-carousel\" data-id=\"4c2ab0a\" data-element_type=\"widget\" data-settings=\"{&quot;show_arrows&quot;:&quot;yes&quot;,&quot;pagination&quot;:&quot;bullets&quot;,&quot;speed&quot;:500,&quot;autoplay&quot;:&quot;yes&quot;,&quot;autoplay_speed&quot;:5000,&quot;loop&quot;:&quot;yes&quot;,&quot;pause_on_hover&quot;:&quot;yes&quot;,&quot;pause_on_interaction&quot;:&quot;yes&quot;,&quot;space_between&quot;:{&quot;unit&quot;:&quot;px&quot;,&quot;size&quot;:10,&quot;sizes&quot;:[]},&quot;space_between_tablet&quot;:{&quot;unit&quot;:&quot;px&quot;,&quot;size&quot;:10,&quot;sizes&quot;:[]},&quot;space_between_mobile&quot;:{&quot;unit&quot;:&quot;px&quot;,&quot;size&quot;:10,&quot;sizes&quot;:[]}}\" data-widget_type=\"testimonial-carousel.default\">\n\t\t\t\t<div class=\"elementor-widget-container\">\n\t\t\t\t\t<div class=\"elementor-swiper\">\n\t\t\t<div class=\"elementor-main-swiper swiper\">\n\t\t\t\t<div class=\"swiper-wrapper\">\n\t\t\t\t\t\t\t\t\t\t\t<div class=\"swiper-slide\">\n\t\t\t\t\t\t\t\t\t<div class=\"elementor-testimonial\">\n\t\t\t\t\t\t\t<div class=\"elementor-testimonial__content\">\n\t\t\t\t\t<div class=\"elementor-testimonial__text\">\n\t\t\t\t\t\t\t\t<div data-elementor-type=\"page\" data-elementor-id=\"731\" class=\"elementor elementor-731\" data-elementor-post-type=\"elementor_library\">\n\t\t\t\t\t\t<section class=\"elementor-section elementor-top-section elementor-element elementor-element-20e9deb elementor-section-height-min-height elementor-section-boxed elementor-section-height-default elementor-section-items-middle\" data-id=\"20e9deb\" data-element_type=\"section\">\n\t\t\t\t\t\t<div class=\"elementor-container elementor-column-gap-default\">\n\t\t\t\t\t<div class=\"elementor-column elementor-col-100 elementor-top-column elementor-element elementor-element-1a02d3a\" data-id=\"1a02d3a\" data-element_type=\"column\" data-settings=\"{&quot;background_background&quot;:&quot;classic&quot;}\">\n\t\t\t<div class=\"elementor-widget-wrap elementor-element-populated\">\n\t\t\t\t\t\t<section class=\"elementor-section elementor-inner-section elementor-element elementor-element-1c3a1df elementor-section-height-min-height elementor-section-boxed elementor-section-height-default\" data-id=\"1c3a1df\" data-element_type=\"section\" data-settings=\"{&quot;background_background&quot;:&quot;classic&quot;}\">\n\t\t\t\t\t\t<div class=\"elementor-container elementor-column-gap-default\">\n\t\t\t\t\t<div class=\"elementor-column elementor-col-100 elementor-inner-column elementor-element elementor-element-d9eedf6\" data-id=\"d9eedf6\" data-element_type=\"column\">\n\t\t\t<div class=\"elementor-widget-wrap elementor-element-populated\">\n\t\t\t\t\t\t<div class=\"elementor-element elementor-element-bd7ac15 elementor-position-left elementor-vertical-align-top elementor-widget elementor-widget-image-box\" data-id=\"bd7ac15\" data-element_type=\"widget\" data-widget_type=\"image-box.default\">\n\t\t\t\t<div class=\"elementor-widget-container\">\n\t\t\t<div class=\"elementor-image-box-wrapper\"><figure class=\"elementor-image-box-img\"><img decoding=\"async\" src=\"https:\/\/nutrenzi.com.br\/wp-content\/uploads\/elementor\/thumbs\/NSA-306_1-1-p0yxchekudrjy5vq9418vbgmmdtz0hg57ulw8vctmo.jpg\" title=\"NSA-306_1 (1)\" alt=\"NSA-306_1 (1)\" loading=\"lazy\" \/><\/figure><div class=\"elementor-image-box-content\"><h3 class=\"elementor-image-box-title\">NSA 306<\/h3><p class=\"elementor-image-box-description\">Biocida de Nova Gera\u00e7\u00e3o, LIVRE de Compostos Clorados, Compostos Bromados, Isotiazolinonas, Alde\u00eddos, Formalinas, Quatern\u00e1rios, Hidanto\u00ednas, Oz\u00f4nio ou seus derivados, entre outros, N\u00c3O gerando subprodutos t\u00f3xicos ou cancer\u00edgenos, mutag\u00eanicos ou teratog\u00eanicos como, por exemplo, Organoclorados\/Halogenatos (Trihalometanos, \u00c1cidos Haloac\u00e9ticos, Haloalde\u00eddos, Halocetonas, Halofen\u00f3is, Halopicrinas, Haloacetonitrilas), Dioxinas, Furanos, Cloretos, Cloratos, Cloritos, Bromatos, Fen\u00f3is, Formalde\u00eddos, entre outros.\nUtilizado para controle microbiol\u00f3gico e odor nas \u00e1guas de processo de fabrica\u00e7\u00e3o de papel e celulose, suspens\u00f5es de polpa (massa), papel produzido, bem como nos fluxos de afluentes e efluentes do processo, e superf\u00edcies diversas.\nBiodegrad\u00e1vel, n\u00e3o prejudica o meio ambiente e os ecossistemas.\nAmplo espectro de descontamina\u00e7\u00e3o\nN\u00e3o \u00e9 afetado e se mant\u00eam est\u00e1vel na presen\u00e7a de mat\u00e9ria org\u00e2nica, n\u00e3o perdendo efici\u00eancia.\nMenor volume de dosagem exigido, sem maiores riscos comparados aos da concorr\u00eancia e com menor exig\u00eancia de ocupa\u00e7\u00e3o de espa\u00e7os.\nSistema de dosagem simples e n\u00e3o onerosa.\nN\u00e3o inflam\u00e1vel.<\/p><\/div><\/div>\t\t<\/div>\n\t\t\t\t<\/div>\n\t\t\t\t\t<\/div>\n\t\t<\/div>\n\t\t\t\t\t<\/div>\n\t\t<\/section>\n\t\t\t\t\t<\/div>\n\t\t<\/div>\n\t\t\t\t\t<\/div>\n\t\t<\/section>\n\t\t\t\t<\/div>\n\t\t\t\t\t\t\t<\/div>\n\t\t\t\t\t\t\t\t\t<\/div>\n\t\t\t\t\t\t<div class=\"elementor-testimonial__footer\">\n\t\t\t\t\t\t\t\t\t\t\t<\/div>\n\t\t<\/div>\n\t\t\t\t\t\t\t\t<\/div>\n\t\t\t\t\t\t\t\t\t\t\t<div class=\"swiper-slide\">\n\t\t\t\t\t\t\t\t\t<div class=\"elementor-testimonial\">\n\t\t\t\t\t\t\t<div class=\"elementor-testimonial__content\">\n\t\t\t\t\t<div class=\"elementor-testimonial__text\">\n\t\t\t\t\t\t\t\t<div data-elementor-type=\"page\" data-elementor-id=\"771\" class=\"elementor elementor-771\" data-elementor-post-type=\"elementor_library\">\n\t\t\t\t\t\t<section class=\"elementor-section elementor-top-section elementor-element elementor-element-20e9deb elementor-section-height-min-height elementor-section-boxed elementor-section-height-default elementor-section-items-middle\" data-id=\"20e9deb\" data-element_type=\"section\">\n\t\t\t\t\t\t<div class=\"elementor-container elementor-column-gap-default\">\n\t\t\t\t\t<div class=\"elementor-column elementor-col-100 elementor-top-column elementor-element elementor-element-1a02d3a\" data-id=\"1a02d3a\" data-element_type=\"column\" data-settings=\"{&quot;background_background&quot;:&quot;classic&quot;}\">\n\t\t\t<div class=\"elementor-widget-wrap elementor-element-populated\">\n\t\t\t\t\t\t<section class=\"elementor-section elementor-inner-section elementor-element elementor-element-1c3a1df elementor-section-height-min-height elementor-section-boxed elementor-section-height-default\" data-id=\"1c3a1df\" data-element_type=\"section\" data-settings=\"{&quot;background_background&quot;:&quot;classic&quot;}\">\n\t\t\t\t\t\t<div class=\"elementor-container elementor-column-gap-default\">\n\t\t\t\t\t<div class=\"elementor-column elementor-col-100 elementor-inner-column elementor-element elementor-element-d9eedf6\" data-id=\"d9eedf6\" data-element_type=\"column\">\n\t\t\t<div class=\"elementor-widget-wrap elementor-element-populated\">\n\t\t\t\t\t\t<div class=\"elementor-element elementor-element-bd7ac15 elementor-position-left elementor-vertical-align-top elementor-widget elementor-widget-image-box\" data-id=\"bd7ac15\" data-element_type=\"widget\" data-widget_type=\"image-box.default\">\n\t\t\t\t<div class=\"elementor-widget-container\">\n\t\t\t<div class=\"elementor-image-box-wrapper\"><figure class=\"elementor-image-box-img\"><img decoding=\"async\" src=\"https:\/\/nutrenzi.com.br\/wp-content\/uploads\/elementor\/thumbs\/NSA-341_25-p0yx700gz69c81ug9qplbp9tvguw41oigplxgrhhxc.jpg\" title=\"NSA-341_25\" alt=\"NSA-341_25\" loading=\"lazy\" \/><\/figure><div class=\"elementor-image-box-content\"><h3 class=\"elementor-image-box-title\">NSA 341<\/h3><p class=\"elementor-image-box-description\">Liquid detergent that combines several properties in a single product (descaling, fat removal, degreasing, dephosphatizing, stripping) with high cleaning power for various types of surfaces, wastes \/ dirt. Surfaces: noble \/ non-ferrous metals such as aluminum and stainless steel, floors; wall coverings or ceramic countertops, stones; porcelain tiles; grouts; plastics; rustic fabrics (tarps, awnings, etc.); printing plates, glass, furniture and formica-coated partitions; tableware and aluminum metals  or  stainless steel for bathrooms and kitchens (vases, sinks, bathtubs, faucets, fireplaces, ovens, hoods, extractor hoods, etc.). Residues \/ soils of: fats; oils; greases; polymeric materials and cements, whether or not cured; mold; moss; lands; waxes; glues; resins; varnishes; soot; among others.<\/p><\/div><\/div>\t\t<\/div>\n\t\t\t\t<\/div>\n\t\t\t\t\t<\/div>\n\t\t<\/div>\n\t\t\t\t\t<\/div>\n\t\t<\/section>\n\t\t\t\t\t<\/div>\n\t\t<\/div>\n\t\t\t\t\t<\/div>\n\t\t<\/section>\n\t\t\t\t<\/div>\n\t\t\t\t\t\t\t<\/div>\n\t\t\t\t\t\t\t\t\t<\/div>\n\t\t\t\t\t\t<div class=\"elementor-testimonial__footer\">\n\t\t\t\t\t\t\t\t\t\t\t<\/div>\n\t\t<\/div>\n\t\t\t\t\t\t\t\t<\/div>\n\t\t\t\t\t\t\t\t\t\t\t<div class=\"swiper-slide\">\n\t\t\t\t\t\t\t\t\t<div class=\"elementor-testimonial\">\n\t\t\t\t\t\t\t<div class=\"elementor-testimonial__content\">\n\t\t\t\t\t<div class=\"elementor-testimonial__text\">\n\t\t\t\t\t\t\t\t<div data-elementor-type=\"page\" data-elementor-id=\"778\" class=\"elementor elementor-778\" data-elementor-post-type=\"elementor_library\">\n\t\t\t\t\t\t<section class=\"elementor-section elementor-top-section elementor-element elementor-element-20e9deb elementor-section-height-min-height elementor-section-boxed elementor-section-height-default elementor-section-items-middle\" data-id=\"20e9deb\" data-element_type=\"section\">\n\t\t\t\t\t\t<div class=\"elementor-container elementor-column-gap-default\">\n\t\t\t\t\t<div class=\"elementor-column elementor-col-100 elementor-top-column elementor-element elementor-element-1a02d3a\" data-id=\"1a02d3a\" data-element_type=\"column\" data-settings=\"{&quot;background_background&quot;:&quot;classic&quot;}\">\n\t\t\t<div class=\"elementor-widget-wrap elementor-element-populated\">\n\t\t\t\t\t\t<section class=\"elementor-section elementor-inner-section elementor-element elementor-element-1c3a1df elementor-section-height-min-height elementor-section-boxed elementor-section-height-default\" data-id=\"1c3a1df\" data-element_type=\"section\" data-settings=\"{&quot;background_background&quot;:&quot;classic&quot;}\">\n\t\t\t\t\t\t<div class=\"elementor-container elementor-column-gap-default\">\n\t\t\t\t\t<div class=\"elementor-column elementor-col-100 elementor-inner-column elementor-element elementor-element-d9eedf6\" data-id=\"d9eedf6\" data-element_type=\"column\">\n\t\t\t<div class=\"elementor-widget-wrap elementor-element-populated\">\n\t\t\t\t\t\t<div class=\"elementor-element elementor-element-bd7ac15 elementor-position-left elementor-vertical-align-top elementor-widget elementor-widget-image-box\" data-id=\"bd7ac15\" data-element_type=\"widget\" data-widget_type=\"image-box.default\">\n\t\t\t\t<div class=\"elementor-widget-container\">\n\t\t\t<div class=\"elementor-image-box-wrapper\"><figure class=\"elementor-image-box-img\"><img decoding=\"async\" src=\"https:\/\/nutrenzi.com.br\/wp-content\/uploads\/elementor\/thumbs\/NSA-341_25-p0yx700gz69c81ug9qplbp9tvguw41oigplxgrhhxc.jpg\" title=\"NSA-341_25\" alt=\"NSA-341_25\" loading=\"lazy\" \/><\/figure><div class=\"elementor-image-box-content\"><h3 class=\"elementor-image-box-title\">NSA 315<\/h3><p class=\"elementor-image-box-description\">NSA 315 is Nutrenzi's innovative 6-enzyme liquid detergent, neutral pH, non-irritating, non-corrosive, that works efficiently and quickly in the cleaning and manual or automated removal of organic matter and embedded biofilms in medical \/ odontological surgical instruments and laboratory equipment, including hard-to-reach equipment such as cannulated materials, endoscopes, fibroscopes, inhalers, glassware, and \/ or other fixed or removable surfaces such as clothing, rubbers, plastics, countertops, floors, critical or non critical areas. NSA 315 has a high cleaning and dilution power, with low foaming that dissolves quickly, making it easier to rinse. Descales and removes, even if resected, residues such as blood, puz, feces, tissues, mucus, plaster \/ dental cement, among others, quickly and safely. YIELD: 1 liter of NSA 315 yields 1.001 liters of enzymatic solution.<\/p><\/div><\/div>\t\t<\/div>\n\t\t\t\t<\/div>\n\t\t\t\t\t<\/div>\n\t\t<\/div>\n\t\t\t\t\t<\/div>\n\t\t<\/section>\n\t\t\t\t\t<\/div>\n\t\t<\/div>\n\t\t\t\t\t<\/div>\n\t\t<\/section>\n\t\t\t\t<\/div>\n\t\t\t\t\t\t\t<\/div>\n\t\t\t\t\t\t\t\t\t<\/div>\n\t\t\t\t\t\t<div class=\"elementor-testimonial__footer\">\n\t\t\t\t\t\t\t\t\t\t\t<\/div>\n\t\t<\/div>\n\t\t\t\t\t\t\t\t<\/div>\n\t\t\t\t\t\t\t\t\t<\/div>\n\t\t\t\t\t\t\t\t\t\t\t\t\t\t\t<div class=\"swiper-pagination\"><\/div>\n\t\t\t\t\t\t\t\t\t\t\t\t\t\t\t\t<div class=\"elementor-swiper-button elementor-swiper-button-prev\" role=\"button\" tabindex=\"0\">\n\t\t\t\t\t\t\t<i aria-hidden=\"true\" class=\"eicon-chevron-left\"><\/i>\t\t\t\t\t\t\t<span class=\"elementor-screen-only\">Previous<\/span>\n\t\t\t\t\t\t<\/div>\n\t\t\t\t\t\t<div class=\"elementor-swiper-button elementor-swiper-button-next\" role=\"button\" tabindex=\"0\">\n\t\t\t\t\t\t\t<i aria-hidden=\"true\" class=\"eicon-chevron-right\"><\/i>\t\t\t\t\t\t\t<span class=\"elementor-screen-only\">Next<\/span>\n\t\t\t\t\t\t<\/div>\n\t\t\t\t\t\t\t\t\t\t\t\t<\/div>\n\t\t<\/div>\n\t\t\t\t<\/div>\n\t\t\t\t<\/div>\n\t\t\t\t\t<\/div>\n\t\t<\/div>\n\t\t\t\t\t<\/div>\n\t\t<\/section>\n\t\t\t\t<section class=\"elementor-section elementor-top-section elementor-element elementor-element-0e77c15 elementor-section-content-middle elementor-section-boxed elementor-section-height-default elementor-section-height-default\" data-id=\"0e77c15\" data-element_type=\"section\" data-settings=\"{&quot;background_background&quot;:&quot;classic&quot;}\">\n\t\t\t\t\t\t<div class=\"elementor-container elementor-column-gap-default\">\n\t\t\t\t\t<div class=\"elementor-column elementor-col-50 elementor-top-column elementor-element elementor-element-43fad8b\" data-id=\"43fad8b\" data-element_type=\"column\">\n\t\t\t<div class=\"elementor-widget-wrap elementor-element-populated\">\n\t\t\t\t\t\t<div class=\"elementor-element elementor-element-7b80f92 elementor-widget elementor-widget-image\" data-id=\"7b80f92\" data-element_type=\"widget\" data-widget_type=\"image.default\">\n\t\t\t\t<div class=\"elementor-widget-container\">\n\t\t\t\t\t\t\t\t\t\t\t\t\t<img fetchpriority=\"high\" decoding=\"async\" width=\"300\" height=\"400\" src=\"https:\/\/nutrenzi.com.br\/wp-content\/uploads\/2021\/09\/LIMPEZA_E_HIGIENIZACAO.png\" class=\"attachment-large size-large wp-image-1567\" alt=\"\" \/>\t\t\t\t\t\t\t\t\t\t\t\t\t<\/div>\n\t\t\t\t<\/div>\n\t\t\t\t\t<\/div>\n\t\t<\/div>\n\t\t\t\t<div class=\"elementor-column elementor-col-50 elementor-top-column elementor-element elementor-element-51738a3\" data-id=\"51738a3\" data-element_type=\"column\">\n\t\t\t<div class=\"elementor-widget-wrap elementor-element-populated\">\n\t\t\t\t\t\t<div class=\"elementor-element elementor-element-b1a4665 elementor-widget elementor-widget-html\" data-id=\"b1a4665\" data-element_type=\"widget\" data-widget_type=\"html.default\">\n\t\t\t\t<div class=\"elementor-widget-container\">\n\t\t\t<div class=\"_form_12\"><\/div><script src=\"https:\/\/nutrenzi.activehosted.com\/f\/embed.php?id=12\" charset=\"utf-8\"><\/script>\t\t<\/div>\n\t\t\t\t<\/div>\n\t\t\t\t\t<\/div>\n\t\t<\/div>\n\t\t\t\t\t<\/div>\n\t\t<\/section>\n\t\t\t\t<\/div>","protected":false},"excerpt":{"rendered":"<p>Limpeza Limpeza Previous Next<\/p>","protected":false},"author":1,"featured_media":0,"parent":0,"menu_order":0,"comment_status":"closed","ping_status":"closed","template":"","meta":{"footnotes":""},"class_list":["post-764","page","type-page","status-publish","hentry"],"_links":{"self":[{"href":"https:\/\/nutrenzi.com.br\/en\/wp-json\/wp\/v2\/pages\/764"}],"collection":[{"href":"https:\/\/nutrenzi.com.br\/en\/wp-json\/wp\/v2\/pages"}],"about":[{"href":"https:\/\/nutrenzi.com.br\/en\/wp-json\/wp\/v2\/types\/page"}],"author":[{"embeddable":true,"href":"https:\/\/nutrenzi.com.br\/en\/wp-json\/wp\/v2\/users\/1"}],"replies":[{"embeddable":true,"href":"https:\/\/nutrenzi.com.br\/en\/wp-json\/wp\/v2\/comments?post=764"}],"version-history":[{"count":45,"href":"https:\/\/nutrenzi.com.br\/en\/wp-json\/wp\/v2\/pages\/764\/revisions"}],"predecessor-version":[{"id":2098,"href":"https:\/\/nutrenzi.com.br\/en\/wp-json\/wp\/v2\/pages\/764\/revisions\/2098"}],"wp:attachment":[{"href":"https:\/\/nutrenzi.com.br\/en\/wp-json\/wp\/v2\/media?parent=764"}],"curies":[{"name":"wp","href":"https:\/\/api.w.org\/{rel}","templated":true}]}}