{"id":811,"date":"2020-11-16T14:47:34","date_gmt":"2020-11-16T17:47:34","guid":{"rendered":"https:\/\/nutrenzi.com.br\/?page_id=811"},"modified":"2024-09-03T10:20:55","modified_gmt":"2024-09-03T13:20:55","slug":"noticias","status":"publish","type":"page","link":"https:\/\/nutrenzi.com.br\/en\/noticias\/","title":{"rendered":"Noticias"},"content":{"rendered":"<div data-elementor-type=\"wp-page\" data-elementor-id=\"811\" class=\"elementor elementor-811\" data-elementor-post-type=\"page\">\n\t\t\t\t\t\t<section class=\"elementor-section elementor-top-section elementor-element elementor-element-819b932 elementor-section-height-min-height elementor-section-stretched elementor-section-boxed elementor-section-height-default elementor-section-items-middle\" data-id=\"819b932\" data-element_type=\"section\" data-settings=\"{&quot;background_background&quot;:&quot;classic&quot;,&quot;stretch_section&quot;:&quot;section-stretched&quot;}\">\n\t\t\t\t\t\t\t<div class=\"elementor-background-overlay\"><\/div>\n\t\t\t\t\t\t\t<div class=\"elementor-container elementor-column-gap-no\">\n\t\t\t\t\t<div class=\"elementor-column elementor-col-100 elementor-top-column elementor-element elementor-element-8e7d646\" data-id=\"8e7d646\" data-element_type=\"column\" data-settings=\"{&quot;background_background&quot;:&quot;classic&quot;}\">\n\t\t\t<div class=\"elementor-widget-wrap elementor-element-populated\">\n\t\t\t\t\t\t<div class=\"elementor-element elementor-element-3594aaf elementor-widget elementor-widget-heading\" data-id=\"3594aaf\" data-element_type=\"widget\" data-widget_type=\"heading.default\">\n\t\t\t\t<div class=\"elementor-widget-container\">\n\t\t\t<h2 class=\"elementor-heading-title elementor-size-default\">Noticias<\/h2>\t\t<\/div>\n\t\t\t\t<\/div>\n\t\t\t\t\t<\/div>\n\t\t<\/div>\n\t\t\t\t\t<\/div>\n\t\t<\/section>\n\t\t\t\t<section class=\"elementor-section elementor-top-section elementor-element elementor-element-f3d2af0 elementor-section-content-middle elementor-section-boxed elementor-section-height-default elementor-section-height-default\" data-id=\"f3d2af0\" data-element_type=\"section\">\n\t\t\t\t\t\t<div class=\"elementor-container elementor-column-gap-default\">\n\t\t\t\t\t<div class=\"elementor-column elementor-col-100 elementor-top-column elementor-element elementor-element-b035b5a\" data-id=\"b035b5a\" data-element_type=\"column\">\n\t\t\t<div class=\"elementor-widget-wrap elementor-element-populated\">\n\t\t\t\t\t\t<div class=\"elementor-element elementor-element-735d53b elementor-widget elementor-widget-text-editor\" data-id=\"735d53b\" data-element_type=\"widget\" data-widget_type=\"text-editor.default\">\n\t\t\t\t<div class=\"elementor-widget-container\">\n\t\t\t\t\t\t\t<p>Novidades sobre a Nutrenzi e sobre biotecnologia inovadora, <br \/>eficiente, econ\u00f4mica e sustent\u00e1vel, voc\u00ea encontra aqui!<\/p>\t\t\t\t\t\t<\/div>\n\t\t\t\t<\/div>\n\t\t\t\t\t<\/div>\n\t\t<\/div>\n\t\t\t\t\t<\/div>\n\t\t<\/section>\n\t\t\t\t<section class=\"elementor-section elementor-top-section elementor-element elementor-element-12ba86a elementor-section-boxed elementor-section-height-default elementor-section-height-default\" data-id=\"12ba86a\" data-element_type=\"section\">\n\t\t\t\t\t\t<div class=\"elementor-container elementor-column-gap-default\">\n\t\t\t\t\t<div class=\"elementor-column elementor-col-100 elementor-top-column elementor-element elementor-element-5dcfad3\" data-id=\"5dcfad3\" data-element_type=\"column\">\n\t\t\t<div class=\"elementor-widget-wrap elementor-element-populated\">\n\t\t\t\t\t\t<div class=\"elementor-element elementor-element-c942bb7 elementor-grid-3 elementor-grid-tablet-2 elementor-grid-mobile-1 elementor-posts--thumbnail-top elementor-card-shadow-yes elementor-posts__hover-gradient elementor-widget elementor-widget-posts\" data-id=\"c942bb7\" data-element_type=\"widget\" data-settings=\"{&quot;pagination_type&quot;:&quot;numbers&quot;,&quot;cards_columns&quot;:&quot;3&quot;,&quot;cards_columns_tablet&quot;:&quot;2&quot;,&quot;cards_columns_mobile&quot;:&quot;1&quot;,&quot;cards_row_gap&quot;:{&quot;unit&quot;:&quot;px&quot;,&quot;size&quot;:35,&quot;sizes&quot;:[]},&quot;cards_row_gap_tablet&quot;:{&quot;unit&quot;:&quot;px&quot;,&quot;size&quot;:&quot;&quot;,&quot;sizes&quot;:[]},&quot;cards_row_gap_mobile&quot;:{&quot;unit&quot;:&quot;px&quot;,&quot;size&quot;:&quot;&quot;,&quot;sizes&quot;:[]}}\" data-widget_type=\"posts.cards\">\n\t\t\t\t<div class=\"elementor-widget-container\">\n\t\t\t\t\t<div class=\"elementor-posts-container elementor-posts elementor-posts--skin-cards elementor-grid\">\n\t\t\t\t<article class=\"elementor-post elementor-grid-item post-1983 post type-post status-publish format-standard has-post-thumbnail hentry category-noticias\">\n\t\t\t<div class=\"elementor-post__card\">\n\t\t\t\t<a class=\"elementor-post__thumbnail__link\" href=\"https:\/\/nutrenzi.com.br\/en\/guerra-na-ucrania-e-os-micronutrientes\/\" tabindex=\"-1\" ><div class=\"elementor-post__thumbnail\"><img fetchpriority=\"high\" decoding=\"async\" width=\"300\" height=\"170\" src=\"https:\/\/nutrenzi.com.br\/wp-content\/uploads\/2023\/06\/nutrenzi-micronutrientes-300x170.png\" class=\"attachment-medium size-medium wp-image-1992\" alt=\"\" \/><\/div><\/a>\n\t\t\t\t<div class=\"elementor-post__text\">\n\t\t\t\t<h3 class=\"elementor-post__title\">\n\t\t\t<a href=\"https:\/\/nutrenzi.com.br\/en\/guerra-na-ucrania-e-os-micronutrientes\/\" >\n\t\t\t\tGuerra na Ucr\u00e2nia e os Micronutrientes\t\t\t<\/a>\n\t\t<\/h3>\n\t\t\t\t<div class=\"elementor-post__excerpt\">\n\t\t\t<p>Voc\u00ea sabia que as principais jazidas de NPK encontram-se na R\u00fassia? Em decorr\u00eancia disto, os valores desses macronutrientes vem disparando no mercado, inviabilizando ainda mais<\/p>\n\t\t<\/div>\n\t\t\n\t\t<a class=\"elementor-post__read-more\" href=\"https:\/\/nutrenzi.com.br\/en\/guerra-na-ucrania-e-os-micronutrientes\/\" aria-label=\"Read more about Guerra na Ucr\u00e2nia e os Micronutrientes\" tabindex=\"-1\" >\n\t\t\tLeia mais\t\t<\/a>\n\n\t\t\t\t<\/div>\n\t\t\t\t\t<\/div>\n\t\t<\/article>\n\t\t\t\t<article class=\"elementor-post elementor-grid-item post-1927 post type-post status-publish format-standard has-post-thumbnail hentry category-noticias\">\n\t\t\t<div class=\"elementor-post__card\">\n\t\t\t\t<a class=\"elementor-post__thumbnail__link\" href=\"https:\/\/nutrenzi.com.br\/en\/nutrenzi-reportagem-especial-sbt-semana-meio-ambiente\/\" tabindex=\"-1\" ><div class=\"elementor-post__thumbnail\"><img decoding=\"async\" width=\"300\" height=\"166\" src=\"https:\/\/nutrenzi.com.br\/wp-content\/uploads\/2022\/06\/Capa-Post-Blog-SBT-300x166.png\" class=\"attachment-medium size-medium wp-image-1929\" alt=\"semana do meio ambiente\" \/><\/div><\/a>\n\t\t\t\t<div class=\"elementor-post__text\">\n\t\t\t\t<h3 class=\"elementor-post__title\">\n\t\t\t<a href=\"https:\/\/nutrenzi.com.br\/en\/nutrenzi-reportagem-especial-sbt-semana-meio-ambiente\/\" >\n\t\t\t\tNutrenzi participa de reportagem especial do SBT para semana do meio ambiente\t\t\t<\/a>\n\t\t<\/h3>\n\t\t\t\t<div class=\"elementor-post__excerpt\">\n\t\t\t<p>Na \u00faltima semana, nosso diretor t\u00e9cnico, Milton Goulart, concedeu uma entrevista ao SBT, para uma mat\u00e9ria especial exibida na semana do meio ambiente no programa<\/p>\n\t\t<\/div>\n\t\t\n\t\t<a class=\"elementor-post__read-more\" href=\"https:\/\/nutrenzi.com.br\/en\/nutrenzi-reportagem-especial-sbt-semana-meio-ambiente\/\" aria-label=\"Read more about Nutrenzi participa de reportagem especial do SBT para semana do meio ambiente\" tabindex=\"-1\" >\n\t\t\tLeia mais\t\t<\/a>\n\n\t\t\t\t<\/div>\n\t\t\t\t\t<\/div>\n\t\t<\/article>\n\t\t\t\t<article class=\"elementor-post elementor-grid-item post-1341 post type-post status-publish format-standard has-post-thumbnail hentry category-noticias tag-globo-news tag-institucional\">\n\t\t\t<div class=\"elementor-post__card\">\n\t\t\t\t<a class=\"elementor-post__thumbnail__link\" href=\"https:\/\/nutrenzi.com.br\/en\/luz-camera-e-globo-news\/\" tabindex=\"-1\" ><div class=\"elementor-post__thumbnail\"><img decoding=\"async\" width=\"300\" height=\"166\" src=\"https:\/\/nutrenzi.com.br\/wp-content\/uploads\/2021\/08\/blog-300x166.png\" class=\"attachment-medium size-medium wp-image-1344\" alt=\"\" \/><\/div><\/a>\n\t\t\t\t<div class=\"elementor-post__text\">\n\t\t\t\t<h3 class=\"elementor-post__title\">\n\t\t\t<a href=\"https:\/\/nutrenzi.com.br\/en\/luz-camera-e-globo-news\/\" >\n\t\t\t\tLuz, C\u00e2mera e&#8230;Globo News!\t\t\t<\/a>\n\t\t<\/h3>\n\t\t\t\t<div class=\"elementor-post__excerpt\">\n\t\t\t<p>&nbsp; Novidade boa \u00e9 novidade compartilhada! Pelo nosso headline, j\u00e1 deu para compreender aonde fomos parar, certo? &nbsp; Depois do sucesso do startup das aplica\u00e7\u00f5es<\/p>\n\t\t<\/div>\n\t\t\n\t\t<a class=\"elementor-post__read-more\" href=\"https:\/\/nutrenzi.com.br\/en\/luz-camera-e-globo-news\/\" aria-label=\"Read more about Luz, C\u00e2mera e&#8230;Globo News!\" tabindex=\"-1\" >\n\t\t\tLeia mais\t\t<\/a>\n\n\t\t\t\t<\/div>\n\t\t\t\t\t<\/div>\n\t\t<\/article>\n\t\t\t\t<article class=\"elementor-post elementor-grid-item post-1331 post type-post status-publish format-standard has-post-thumbnail hentry category-noticias tag-biotecnologia tag-institucional\">\n\t\t\t<div class=\"elementor-post__card\">\n\t\t\t\t<a class=\"elementor-post__thumbnail__link\" href=\"https:\/\/nutrenzi.com.br\/en\/17-anos-de-historia-entregando-biotecnologia-inovadora-em-tratamento-de-aguas-e-efluentes\/\" tabindex=\"-1\" ><div class=\"elementor-post__thumbnail\"><img loading=\"lazy\" decoding=\"async\" width=\"300\" height=\"166\" src=\"https:\/\/nutrenzi.com.br\/wp-content\/uploads\/2021\/08\/post_blog-1-300x166.png\" class=\"attachment-medium size-medium wp-image-1333\" alt=\"\" \/><\/div><\/a>\n\t\t\t\t<div class=\"elementor-post__text\">\n\t\t\t\t<h3 class=\"elementor-post__title\">\n\t\t\t<a href=\"https:\/\/nutrenzi.com.br\/en\/17-anos-de-historia-entregando-biotecnologia-inovadora-em-tratamento-de-aguas-e-efluentes\/\" >\n\t\t\t\t17 anos de hist\u00f3ria entregando biotecnologia inovadora em tratamento de \u00e1guas e efluentes\t\t\t<\/a>\n\t\t<\/h3>\n\t\t\t\t<div class=\"elementor-post__excerpt\">\n\t\t\t<p>Empreender \u00e9 sempre um desafio e n\u00e3o basta apenas uma boa ideia para que o plano funcione. Para dar certo \u00e9 preciso coragem e uma<\/p>\n\t\t<\/div>\n\t\t\n\t\t<a class=\"elementor-post__read-more\" href=\"https:\/\/nutrenzi.com.br\/en\/17-anos-de-historia-entregando-biotecnologia-inovadora-em-tratamento-de-aguas-e-efluentes\/\" aria-label=\"Read more about 17 anos de hist\u00f3ria entregando biotecnologia inovadora em tratamento de \u00e1guas e efluentes\" tabindex=\"-1\" >\n\t\t\tLeia mais\t\t<\/a>\n\n\t\t\t\t<\/div>\n\t\t\t\t\t<\/div>\n\t\t<\/article>\n\t\t\t\t<\/div>\n\t\t\n\t\t\t\t<\/div>\n\t\t\t\t<\/div>\n\t\t\t\t\t<\/div>\n\t\t<\/div>\n\t\t\t\t\t<\/div>\n\t\t<\/section>\n\t\t\t\t<\/div>","protected":false},"excerpt":{"rendered":"<p>Noticias Novidades sobre a Nutrenzi e sobre biotecnologia inovadora, eficiente, econ\u00f4mica e sustent\u00e1vel, voc\u00ea encontra aqui!<\/p>","protected":false},"author":1,"featured_media":0,"parent":0,"menu_order":0,"comment_status":"closed","ping_status":"closed","template":"","meta":{"footnotes":""},"class_list":["post-811","page","type-page","status-publish","hentry"],"_links":{"self":[{"href":"https:\/\/nutrenzi.com.br\/en\/wp-json\/wp\/v2\/pages\/811"}],"collection":[{"href":"https:\/\/nutrenzi.com.br\/en\/wp-json\/wp\/v2\/pages"}],"about":[{"href":"https:\/\/nutrenzi.com.br\/en\/wp-json\/wp\/v2\/types\/page"}],"author":[{"embeddable":true,"href":"https:\/\/nutrenzi.com.br\/en\/wp-json\/wp\/v2\/users\/1"}],"replies":[{"embeddable":true,"href":"https:\/\/nutrenzi.com.br\/en\/wp-json\/wp\/v2\/comments?post=811"}],"version-history":[{"count":40,"href":"https:\/\/nutrenzi.com.br\/en\/wp-json\/wp\/v2\/pages\/811\/revisions"}],"predecessor-version":[{"id":2149,"href":"https:\/\/nutrenzi.com.br\/en\/wp-json\/wp\/v2\/pages\/811\/revisions\/2149"}],"wp:attachment":[{"href":"https:\/\/nutrenzi.com.br\/en\/wp-json\/wp\/v2\/media?parent=811"}],"curies":[{"name":"wp","href":"https:\/\/api.w.org\/{rel}","templated":true}]}}