{"id":1793,"date":"2022-03-18T16:54:51","date_gmt":"2022-03-18T19:54:51","guid":{"rendered":"https:\/\/nutrenzi-com-br.umbler.net\/?page_id=1793"},"modified":"2024-09-03T10:27:53","modified_gmt":"2024-09-03T13:27:53","slug":"blog","status":"publish","type":"page","link":"https:\/\/nutrenzi.com.br\/es\/blog\/","title":{"rendered":"Blog"},"content":{"rendered":"<div data-elementor-type=\"wp-page\" data-elementor-id=\"1793\" class=\"elementor elementor-1793\" data-elementor-post-type=\"page\">\n\t\t\t\t\t\t<section class=\"elementor-section elementor-top-section elementor-element elementor-element-819b932 elementor-section-height-min-height elementor-section-stretched elementor-section-boxed elementor-section-height-default elementor-section-items-middle\" data-id=\"819b932\" data-element_type=\"section\" data-settings=\"{&quot;background_background&quot;:&quot;classic&quot;,&quot;stretch_section&quot;:&quot;section-stretched&quot;}\">\n\t\t\t\t\t\t\t<div class=\"elementor-background-overlay\"><\/div>\n\t\t\t\t\t\t\t<div class=\"elementor-container elementor-column-gap-no\">\n\t\t\t\t\t<div class=\"elementor-column elementor-col-100 elementor-top-column elementor-element elementor-element-8e7d646\" data-id=\"8e7d646\" data-element_type=\"column\" data-settings=\"{&quot;background_background&quot;:&quot;classic&quot;}\">\n\t\t\t<div class=\"elementor-widget-wrap elementor-element-populated\">\n\t\t\t\t\t\t<div class=\"elementor-element elementor-element-3594aaf elementor-widget elementor-widget-heading\" data-id=\"3594aaf\" data-element_type=\"widget\" data-widget_type=\"heading.default\">\n\t\t\t\t<div class=\"elementor-widget-container\">\n\t\t\t<h2 class=\"elementor-heading-title elementor-size-default\">Blog<\/h2>\t\t<\/div>\n\t\t\t\t<\/div>\n\t\t\t\t\t<\/div>\n\t\t<\/div>\n\t\t\t\t\t<\/div>\n\t\t<\/section>\n\t\t\t\t<section class=\"elementor-section elementor-top-section elementor-element elementor-element-f3d2af0 elementor-section-content-middle elementor-section-boxed elementor-section-height-default elementor-section-height-default\" data-id=\"f3d2af0\" data-element_type=\"section\">\n\t\t\t\t\t\t<div class=\"elementor-container elementor-column-gap-default\">\n\t\t\t\t\t<div class=\"elementor-column elementor-col-100 elementor-top-column elementor-element elementor-element-b035b5a\" data-id=\"b035b5a\" data-element_type=\"column\">\n\t\t\t<div class=\"elementor-widget-wrap elementor-element-populated\">\n\t\t\t\t\t\t<div class=\"elementor-element elementor-element-735d53b elementor-widget elementor-widget-text-editor\" data-id=\"735d53b\" data-element_type=\"widget\" data-widget_type=\"text-editor.default\">\n\t\t\t\t<div class=\"elementor-widget-container\">\n\t\t\t\t\t\t\t<p>Novidades sobre a Nutrenzi e sobre biotecnologia inovadora, <br \/>eficiente, econ\u00f4mica e sustent\u00e1vel, voc\u00ea encontra aqui!<\/p>\t\t\t\t\t\t<\/div>\n\t\t\t\t<\/div>\n\t\t\t\t\t<\/div>\n\t\t<\/div>\n\t\t\t\t\t<\/div>\n\t\t<\/section>\n\t\t\t\t<section class=\"elementor-section elementor-top-section elementor-element elementor-element-02fcf9c elementor-section-boxed elementor-section-height-default elementor-section-height-default\" data-id=\"02fcf9c\" data-element_type=\"section\">\n\t\t\t\t\t\t<div class=\"elementor-container elementor-column-gap-default\">\n\t\t\t\t\t<div class=\"elementor-column elementor-col-100 elementor-top-column elementor-element elementor-element-9bf0cd0\" data-id=\"9bf0cd0\" data-element_type=\"column\">\n\t\t\t<div class=\"elementor-widget-wrap elementor-element-populated\">\n\t\t\t\t\t\t<div class=\"elementor-element elementor-element-3e97952 elementor-grid-3 elementor-grid-tablet-2 elementor-grid-mobile-1 elementor-posts--thumbnail-top elementor-card-shadow-yes elementor-posts__hover-gradient elementor-widget elementor-widget-posts\" data-id=\"3e97952\" data-element_type=\"widget\" data-settings=\"{&quot;pagination_type&quot;:&quot;numbers_and_prev_next&quot;,&quot;cards_columns&quot;:&quot;3&quot;,&quot;cards_columns_tablet&quot;:&quot;2&quot;,&quot;cards_columns_mobile&quot;:&quot;1&quot;,&quot;cards_row_gap&quot;:{&quot;unit&quot;:&quot;px&quot;,&quot;size&quot;:35,&quot;sizes&quot;:[]},&quot;cards_row_gap_tablet&quot;:{&quot;unit&quot;:&quot;px&quot;,&quot;size&quot;:&quot;&quot;,&quot;sizes&quot;:[]},&quot;cards_row_gap_mobile&quot;:{&quot;unit&quot;:&quot;px&quot;,&quot;size&quot;:&quot;&quot;,&quot;sizes&quot;:[]}}\" data-widget_type=\"posts.cards\">\n\t\t\t\t<div class=\"elementor-widget-container\">\n\t\t\t\t\t<div class=\"elementor-posts-container elementor-posts elementor-posts--skin-cards elementor-grid\">\n\t\t\t\t<article class=\"elementor-post elementor-grid-item post-2286 post type-post status-publish format-standard hentry category-blog\">\n\t\t\t<div class=\"elementor-post__card\">\n\t\t\t\t<div class=\"elementor-post__text\">\n\t\t\t\t<h3 class=\"elementor-post__title\">\n\t\t\t<a href=\"https:\/\/nutrenzi.com.br\/es\/outubro-rosa\/\" >\n\t\t\t\tOutubro Rosa\t\t\t<\/a>\n\t\t<\/h3>\n\t\t\t\t<div class=\"elementor-post__excerpt\">\n\t\t\t<p>&nbsp; O Outubro Rosa nos lembra que informa\u00e7\u00e3o, preven\u00e7\u00e3o e cuidado salvam vidas. Por isso, durante todo o m\u00eas, refor\u00e7amos dentro da nossa empresa a<\/p>\n\t\t<\/div>\n\t\t\n\t\t<a class=\"elementor-post__read-more\" href=\"https:\/\/nutrenzi.com.br\/es\/outubro-rosa\/\" aria-label=\"Read more about Outubro Rosa\" tabindex=\"-1\" >\n\t\t\tLeia mais\t\t<\/a>\n\n\t\t\t\t<\/div>\n\t\t\t\t\t<\/div>\n\t\t<\/article>\n\t\t\t\t<article class=\"elementor-post elementor-grid-item post-1945 post type-post status-publish format-standard has-post-thumbnail hentry category-blog\">\n\t\t\t<div class=\"elementor-post__card\">\n\t\t\t\t<a class=\"elementor-post__thumbnail__link\" href=\"https:\/\/nutrenzi.com.br\/es\/tratamento-biotecnologico-de-efluentes-industriais-e-domissanitarios\/\" tabindex=\"-1\" ><div class=\"elementor-post__thumbnail\"><img decoding=\"async\" width=\"300\" height=\"150\" src=\"https:\/\/nutrenzi.com.br\/wp-content\/uploads\/2022\/07\/efluentes-industriais-e-domissanitarios-300x150.png\" class=\"attachment-medium size-medium wp-image-1946\" alt=\"efluentes industriais e domissanit\u00e1rios\" \/><\/div><\/a>\n\t\t\t\t<div class=\"elementor-post__text\">\n\t\t\t\t<h3 class=\"elementor-post__title\">\n\t\t\t<a href=\"https:\/\/nutrenzi.com.br\/es\/tratamento-biotecnologico-de-efluentes-industriais-e-domissanitarios\/\" >\n\t\t\t\tTratamento biotecnol\u00f3gico de efluentes industriais e domissanit\u00e1rios\t\t\t<\/a>\n\t\t<\/h3>\n\t\t\t\t<div class=\"elementor-post__excerpt\">\n\t\t\t<p>A ado\u00e7\u00e3o de medidas para preserva\u00e7\u00e3o ambiental tem sido um tema cada vez mais presente no segmento industrial. Hoje, existem muitas pol\u00edticas e processos eficientes<\/p>\n\t\t<\/div>\n\t\t\n\t\t<a class=\"elementor-post__read-more\" href=\"https:\/\/nutrenzi.com.br\/es\/tratamento-biotecnologico-de-efluentes-industriais-e-domissanitarios\/\" aria-label=\"Read more about Tratamento biotecnol\u00f3gico de efluentes industriais e domissanit\u00e1rios\" tabindex=\"-1\" >\n\t\t\tLeia mais\t\t<\/a>\n\n\t\t\t\t<\/div>\n\t\t\t\t\t<\/div>\n\t\t<\/article>\n\t\t\t\t<article class=\"elementor-post elementor-grid-item post-1938 post type-post status-publish format-standard has-post-thumbnail hentry category-blog\">\n\t\t\t<div class=\"elementor-post__card\">\n\t\t\t\t<a class=\"elementor-post__thumbnail__link\" href=\"https:\/\/nutrenzi.com.br\/es\/circuito-fechado-de-agua-em-industrias-de-papel\/\" tabindex=\"-1\" ><div class=\"elementor-post__thumbnail\"><img decoding=\"async\" width=\"300\" height=\"150\" src=\"https:\/\/nutrenzi.com.br\/wp-content\/uploads\/2022\/06\/circuito-fechado-de-agua-300x150.png\" class=\"attachment-medium size-medium wp-image-1941\" alt=\"circuito fechado de \u00e1gua\" \/><\/div><\/a>\n\t\t\t\t<div class=\"elementor-post__text\">\n\t\t\t\t<h3 class=\"elementor-post__title\">\n\t\t\t<a href=\"https:\/\/nutrenzi.com.br\/es\/circuito-fechado-de-agua-em-industrias-de-papel\/\" >\n\t\t\t\tCircuito fechado de \u00e1gua em ind\u00fastrias de papel e celulose\t\t\t<\/a>\n\t\t<\/h3>\n\t\t\t\t<div class=\"elementor-post__excerpt\">\n\t\t\t<p>As consequ\u00eancias da atividade industrial despertaram a consci\u00eancia de diversos setores para a preserva\u00e7\u00e3o de recursos naturais e do meio ambiente. Nesse cen\u00e1rio, empresas de<\/p>\n\t\t<\/div>\n\t\t\n\t\t<a class=\"elementor-post__read-more\" href=\"https:\/\/nutrenzi.com.br\/es\/circuito-fechado-de-agua-em-industrias-de-papel\/\" aria-label=\"Read more about Circuito fechado de \u00e1gua em ind\u00fastrias de papel e celulose\" tabindex=\"-1\" >\n\t\t\tLeia mais\t\t<\/a>\n\n\t\t\t\t<\/div>\n\t\t\t\t\t<\/div>\n\t\t<\/article>\n\t\t\t\t<article class=\"elementor-post elementor-grid-item post-1917 post type-post status-publish format-standard has-post-thumbnail hentry category-blog\">\n\t\t\t<div class=\"elementor-post__card\">\n\t\t\t\t<a class=\"elementor-post__thumbnail__link\" href=\"https:\/\/nutrenzi.com.br\/es\/escassez-de-macronutrientes-solucoes-biotecnologicas\/\" tabindex=\"-1\" ><div class=\"elementor-post__thumbnail\"><img decoding=\"async\" width=\"300\" height=\"150\" src=\"https:\/\/nutrenzi.com.br\/wp-content\/uploads\/2022\/06\/macronutrientes-300x150.png\" class=\"attachment-medium size-medium wp-image-1918\" alt=\"macronutrientes\" \/><\/div><\/a>\n\t\t\t\t<div class=\"elementor-post__text\">\n\t\t\t\t<h3 class=\"elementor-post__title\">\n\t\t\t<a href=\"https:\/\/nutrenzi.com.br\/es\/escassez-de-macronutrientes-solucoes-biotecnologicas\/\" >\n\t\t\t\tEscassez de macronutrientes abre portas para solu\u00e7\u00f5es biotecnol\u00f3gicas para tratamento de efluentes\t\t\t<\/a>\n\t\t<\/h3>\n\t\t\t\t<div class=\"elementor-post__excerpt\">\n\t\t\t<p>A guerra na R\u00fassia acarretou aumento de mais de 200% no custo de macronutrientes para tratamento de efluentes de empresas de m\u00e9dio e grande porte.<\/p>\n\t\t<\/div>\n\t\t\n\t\t<a class=\"elementor-post__read-more\" href=\"https:\/\/nutrenzi.com.br\/es\/escassez-de-macronutrientes-solucoes-biotecnologicas\/\" aria-label=\"Read more about Escassez de macronutrientes abre portas para solu\u00e7\u00f5es biotecnol\u00f3gicas para tratamento de efluentes\" tabindex=\"-1\" >\n\t\t\tLeia mais\t\t<\/a>\n\n\t\t\t\t<\/div>\n\t\t\t\t\t<\/div>\n\t\t<\/article>\n\t\t\t\t<article class=\"elementor-post elementor-grid-item post-1914 post type-post status-publish format-standard has-post-thumbnail hentry category-blog\">\n\t\t\t<div class=\"elementor-post__card\">\n\t\t\t\t<a class=\"elementor-post__thumbnail__link\" href=\"https:\/\/nutrenzi.com.br\/es\/lagoa-aerobia-e-anaerobia-vantagens-e-desvantagens\/\" tabindex=\"-1\" ><div class=\"elementor-post__thumbnail\"><img loading=\"lazy\" decoding=\"async\" width=\"300\" height=\"150\" src=\"https:\/\/nutrenzi.com.br\/wp-content\/uploads\/2022\/05\/lagoas-aerobia-e-anaerobia-300x150.png\" class=\"attachment-medium size-medium wp-image-1915\" alt=\"lagoas-aerobia-e-anaerobia\" \/><\/div><\/a>\n\t\t\t\t<div class=\"elementor-post__text\">\n\t\t\t\t<h3 class=\"elementor-post__title\">\n\t\t\t<a href=\"https:\/\/nutrenzi.com.br\/es\/lagoa-aerobia-e-anaerobia-vantagens-e-desvantagens\/\" >\n\t\t\t\tLagoas Aer\u00f3bia e Anaer\u00f3bia: entenda as vantagens e desvantagens\t\t\t<\/a>\n\t\t<\/h3>\n\t\t\t\t<div class=\"elementor-post__excerpt\">\n\t\t\t<p>Sabemos que a falta de tratamento de efluentes industriais e domissanit\u00e1rios pode acarretar diversos problemas para a sa\u00fade e o meio ambiente. Neste contexto, vale<\/p>\n\t\t<\/div>\n\t\t\n\t\t<a class=\"elementor-post__read-more\" href=\"https:\/\/nutrenzi.com.br\/es\/lagoa-aerobia-e-anaerobia-vantagens-e-desvantagens\/\" aria-label=\"Read more about Lagoas Aer\u00f3bia e Anaer\u00f3bia: entenda as vantagens e desvantagens\" tabindex=\"-1\" >\n\t\t\tLeia mais\t\t<\/a>\n\n\t\t\t\t<\/div>\n\t\t\t\t\t<\/div>\n\t\t<\/article>\n\t\t\t\t<article class=\"elementor-post elementor-grid-item post-1909 post type-post status-publish format-standard has-post-thumbnail hentry category-blog\">\n\t\t\t<div class=\"elementor-post__card\">\n\t\t\t\t<a class=\"elementor-post__thumbnail__link\" href=\"https:\/\/nutrenzi.com.br\/es\/fossa-filtro-e-sumidouro\/\" tabindex=\"-1\" ><div class=\"elementor-post__thumbnail\"><img loading=\"lazy\" decoding=\"async\" width=\"300\" height=\"150\" src=\"https:\/\/nutrenzi.com.br\/wp-content\/uploads\/2022\/05\/fossa-filtro-e-sumidouro-300x150.png\" class=\"attachment-medium size-medium wp-image-1912\" alt=\"fossa-filtro-e-sumidouro\" \/><\/div><\/a>\n\t\t\t\t<div class=\"elementor-post__text\">\n\t\t\t\t<h3 class=\"elementor-post__title\">\n\t\t\t<a href=\"https:\/\/nutrenzi.com.br\/es\/fossa-filtro-e-sumidouro\/\" >\n\t\t\t\tFossa, Filtro e Sumidouro: o que s\u00e3o e como funciona esse sistema\t\t\t<\/a>\n\t\t<\/h3>\n\t\t\t\t<div class=\"elementor-post__excerpt\">\n\t\t\t<p>Para manter a integridade do solo, especialmente dos len\u00e7\u00f3is fre\u00e1ticos e vegeta\u00e7\u00e3o, o emprego da fossa, filtro e sumidouro \u00e9 \u00f3tima solu\u00e7\u00e3o.Isso porque aumenta a<\/p>\n\t\t<\/div>\n\t\t\n\t\t<a class=\"elementor-post__read-more\" href=\"https:\/\/nutrenzi.com.br\/es\/fossa-filtro-e-sumidouro\/\" aria-label=\"Read more about Fossa, Filtro e Sumidouro: o que s\u00e3o e como funciona esse sistema\" tabindex=\"-1\" >\n\t\t\tLeia mais\t\t<\/a>\n\n\t\t\t\t<\/div>\n\t\t\t\t\t<\/div>\n\t\t<\/article>\n\t\t\t\t<\/div>\n\t\t\n\t\t\t\t<div class=\"e-load-more-anchor\" data-page=\"1\" data-max-page=\"7\" data-next-page=\"https:\/\/nutrenzi.com.br\/es\/wp-json\/wp\/v2\/pages\/1793\/page\/2\/\"><\/div>\n\t\t\t\t<nav class=\"elementor-pagination\" aria-label=\"Pagination\">\n\t\t\t<span class=\"page-numbers prev\">< Anterior<\/span>\n<span aria-current=\"page\" class=\"page-numbers current\"><span class=\"elementor-screen-only\">Page<\/span>1<\/span>\n<a class=\"page-numbers\" href=\"https:\/\/nutrenzi.com.br\/es\/wp-json\/wp\/v2\/pages\/1793\/page\/2\/\"><span class=\"elementor-screen-only\">Page<\/span>2<\/a>\n<a class=\"page-numbers\" href=\"https:\/\/nutrenzi.com.br\/es\/wp-json\/wp\/v2\/pages\/1793\/page\/3\/\"><span class=\"elementor-screen-only\">Page<\/span>3<\/a>\n<span class=\"page-numbers dots\">&hellip;<\/span>\n<a class=\"page-numbers\" href=\"https:\/\/nutrenzi.com.br\/es\/wp-json\/wp\/v2\/pages\/1793\/page\/6\/\"><span class=\"elementor-screen-only\">Page<\/span>6<\/a>\n<a class=\"page-numbers next\" href=\"https:\/\/nutrenzi.com.br\/es\/wp-json\/wp\/v2\/pages\/1793\/page\/2\/\">Pr\u00f3ximo ><\/a>\t\t<\/nav>\n\t\t\t\t<\/div>\n\t\t\t\t<\/div>\n\t\t\t\t\t<\/div>\n\t\t<\/div>\n\t\t\t\t\t<\/div>\n\t\t<\/section>\n\t\t\t\t<\/div>","protected":false},"excerpt":{"rendered":"<p>Blog Novidades sobre a Nutrenzi e sobre biotecnologia inovadora, eficiente, econ\u00f4mica e sustent\u00e1vel, voc\u00ea encontra aqui!<\/p>","protected":false},"author":1,"featured_media":0,"parent":0,"menu_order":0,"comment_status":"closed","ping_status":"closed","template":"","meta":{"footnotes":""},"class_list":["post-1793","page","type-page","status-publish","hentry"],"_links":{"self":[{"href":"https:\/\/nutrenzi.com.br\/es\/wp-json\/wp\/v2\/pages\/1793"}],"collection":[{"href":"https:\/\/nutrenzi.com.br\/es\/wp-json\/wp\/v2\/pages"}],"about":[{"href":"https:\/\/nutrenzi.com.br\/es\/wp-json\/wp\/v2\/types\/page"}],"author":[{"embeddable":true,"href":"https:\/\/nutrenzi.com.br\/es\/wp-json\/wp\/v2\/users\/1"}],"replies":[{"embeddable":true,"href":"https:\/\/nutrenzi.com.br\/es\/wp-json\/wp\/v2\/comments?post=1793"}],"version-history":[{"count":22,"href":"https:\/\/nutrenzi.com.br\/es\/wp-json\/wp\/v2\/pages\/1793\/revisions"}],"predecessor-version":[{"id":2161,"href":"https:\/\/nutrenzi.com.br\/es\/wp-json\/wp\/v2\/pages\/1793\/revisions\/2161"}],"wp:attachment":[{"href":"https:\/\/nutrenzi.com.br\/es\/wp-json\/wp\/v2\/media?parent=1793"}],"curies":[{"name":"wp","href":"https:\/\/api.w.org\/{rel}","templated":true}]}}